{"id":81,"date":"2020-03-30T21:07:00","date_gmt":"2020-03-30T19:07:00","guid":{"rendered":"http:\/\/clan2.netordner.de\/?page_id=81"},"modified":"2024-01-07T20:49:34","modified_gmt":"2024-01-07T19:49:34","slug":"digitalisierung","status":"publish","type":"page","link":"https:\/\/clan2.netordner.de\/?page_id=81","title":{"rendered":"Digitalisierungs-Hype"},"content":{"rendered":"\n<p class=\"has-black-color has-text-color has-medium-font-size\"><strong>Gesendet:<\/strong>&nbsp;Montag, 30. M\u00e4rz 2020 um 21:07 Uhr<br><strong>Von:<\/strong> Thomas <strong>Handys und Tablets setzen die Intelligenz bei Kindern herab!<\/strong><\/p>\n\n\n\n<p class=\"has-black-color has-text-color has-medium-font-size\">Hier etwas Wichtiges f\u00fcr unsere jungen Eltern. Jetzt sind die Schulen wegen der Corona-Pandemie geschlossen. Lehrer sollen \u00fcber &#8222;Fernwartung&#8220; unterrichten, Eltern daheim als Hilfslehrer arbeiten. &#8222;Die Industrie wittert die Chance, damit die Digitalisierung des Unterrichts beschleunigen zu k\u00f6nnen. Es ist aber auch eine ganz andere gro\u00dfe Chance: Man wird jetzt sehen, welche gro\u00dfe Bedeutung der analoge Unterricht hat, die Schulklasse, die soziale und p\u00e4dagogische Atmosph\u00e4re, der empathische, motivierende und erkl\u00e4rende Lehrer. Es besteht dennoch eine gro\u00dfe Gefahr: Die Kinder k\u00f6nnen nicht aus dem Haus und sitzen den ganzen Tag vor den digitalen Medien, und entkommen ihrem Sog nicht mehr. Die Telekom wittert die Chance, Kinder zu internetabh\u00e4ngigen Dauerkunden zu machen. In ganzseitigen Anzeigen lockt sie mit 10 GB Datenvolumen kostenlos im Monat und f\u00fcr 6 Monate Gratis-Nutzung des Streamingdienstes Disney+. <\/p>\n\n\n\n<p class=\"has-black-color has-text-color has-medium-font-size\">Eine erste Warnung vor dem digitalen Klassenzimmer las ich auf meiner Fr\u00fchst\u00fcckswebseite heise.de, siehe mein <a rel=\"noreferrer noopener\" href=\"https:\/\/clan2.netordner.de\/wp-content\/uploads\/Bildung_-Digitale-Schule-auf-dem-Irrweg.pdf\" target=\"_blank\">Download<\/a>. Eine plausible und erschreckende Begr\u00fcndung f\u00fcr die angef\u00fchrten negativen Erfahrungen in den USA gibt die Hirnforscherin Prof. Teuchert-Noodt im Interview mit der Neuen Westf\u00e4lischen am 11.03.2020. Warum dieser v.a. f\u00fcr Kinder unwiderstehliche Sog in die Sucht besteht, welche Folgen das haben kann, s. diesen <a rel=\"noreferrer noopener\" href=\"https:\/\/clan2.netordner.de\/wp-content\/uploads\/Bildung_-Digitale-Schule-auf-dem-Irrweg.pdf\" target=\"_blank\">Download<\/a>. Dass ihre Aussage stimmt, merke ich pers\u00f6nlich daran, dass meine Ortsorientierung im Auto deutlich nachgelassen hat, seit ich ein Navigationsystems nutze. Wir f\u00f6rdern unsere Demenz.*) In unserer Familie sind ja alle achtsam. Aber vielerorts wird der Fernseher oder das Tablet als Eltern- oder Babysitterersatz eingesetzt. Da kommt ja Schlimmes in unserer Gesellschaft auf uns zu.<\/p>\n\n\n\n<hr class=\"wp-block-separator has-css-opacity is-style-wide\"\/>\n\n\n\n<p class=\"has-black-color has-text-color has-medium-font-size\">*) Edit von Hans, 30.1.21. Digitalisierung, Automatisierung und AI sind nicht zu stoppen. Als ABS in die Pkws kam, verlie\u00dfen sich viele drauf, fuhren riskanter und die Unfalltendenz stieg sogar. Die k\u00f6rperliche Degeneration zeigt sich bei den Schulreifepr\u00fcfungen.  Die wenigsten Kleinen k\u00f6nnen 50m am St\u00fcck rennen, ohne nicht mindestens einmal zu stolpern. Am Ende, so hei\u00dft es, gibt es in der Maschinenhalle zwei Lebewesen, ein Mensch und ein Hund. Der Mensch f\u00fcttert den Hund und der Hund passt auf, dass der Mensch nichts anfasst.<\/p>\n\n\n\n<hr class=\"wp-block-separator has-css-opacity is-style-wide\"\/>\n\n\n\n<p class=\"has-black-color has-text-color has-medium-font-size\"><strong>Gesendet:<\/strong>&nbsp;Mittwoch, 22. April 2020 um 22:22 Uhr<br><strong>Von:<\/strong> Thomas <strong>Digitalisierungs-Hype ein Irrweg<\/strong><br>Leider machen wir den USA so vieles nach. Siehe mein <a rel=\"noreferrer noopener\" href=\"https:\/\/clan2.netordner.de\/wp-content\/uploads\/Bildung_-Digitale-Schule-auf-dem-Irrweg.pdf\" target=\"_blank\">Download<\/a> von der vorigen Mail.<\/p>\n","protected":false},"excerpt":{"rendered":"<p>Gesendet:&nbsp;Montag, 30. M\u00e4rz 2020 um 21:07 UhrVon: Thomas Handys und Tablets setzen die Intelligenz bei Kindern herab! Hier etwas Wichtiges f\u00fcr unsere jungen Eltern. Jetzt sind die Schulen wegen der Corona-Pandemie geschlossen. Lehrer sollen \u00fcber &#8222;Fernwartung&#8220; unterrichten, Eltern daheim als Hilfslehrer arbeiten. &#8222;Die Industrie wittert die Chance, damit die Digitalisierung des Unterrichts beschleunigen zu k\u00f6nnen.&hellip;&nbsp;<a href=\"https:\/\/clan2.netordner.de\/?page_id=81\" class=\"\" rel=\"bookmark\">Weiterlesen &raquo;<span class=\"screen-reader-text\">Digitalisierungs-Hype<\/span><\/a><\/p>\n","protected":false},"author":1,"featured_media":0,"parent":0,"menu_order":0,"comment_status":"open","ping_status":"closed","template":"","meta":{"neve_meta_sidebar":"","neve_meta_container":"","neve_meta_enable_content_width":"","neve_meta_content_width":0,"neve_meta_title_alignment":"","neve_meta_author_avatar":"","neve_post_elements_order":"","neve_meta_disable_header":"","neve_meta_disable_footer":"","neve_meta_disable_title":"","footnotes":""},"class_list":["post-81","page","type-page","status-publish","hentry"],"_links":{"self":[{"href":"https:\/\/clan2.netordner.de\/index.php?rest_route=\/wp\/v2\/pages\/81","targetHints":{"allow":["GET"]}}],"collection":[{"href":"https:\/\/clan2.netordner.de\/index.php?rest_route=\/wp\/v2\/pages"}],"about":[{"href":"https:\/\/clan2.netordner.de\/index.php?rest_route=\/wp\/v2\/types\/page"}],"author":[{"embeddable":true,"href":"https:\/\/clan2.netordner.de\/index.php?rest_route=\/wp\/v2\/users\/1"}],"replies":[{"embeddable":true,"href":"https:\/\/clan2.netordner.de\/index.php?rest_route=%2Fwp%2Fv2%2Fcomments&post=81"}],"version-history":[{"count":7,"href":"https:\/\/clan2.netordner.de\/index.php?rest_route=\/wp\/v2\/pages\/81\/revisions"}],"predecessor-version":[{"id":498,"href":"https:\/\/clan2.netordner.de\/index.php?rest_route=\/wp\/v2\/pages\/81\/revisions\/498"}],"wp:attachment":[{"href":"https:\/\/clan2.netordner.de\/index.php?rest_route=%2Fwp%2Fv2%2Fmedia&parent=81"}],"curies":[{"name":"wp","href":"https:\/\/api.w.org\/{rel}","templated":true}]}}