{"id":74,"date":"2020-04-26T17:59:00","date_gmt":"2020-04-26T15:59:00","guid":{"rendered":"http:\/\/clan2.netordner.de\/?page_id=74"},"modified":"2021-02-01T22:05:30","modified_gmt":"2021-02-01T21:05:30","slug":"blackrock-corona","status":"publish","type":"page","link":"https:\/\/clan2.netordner.de\/?page_id=74","title":{"rendered":"Blackrock\/Corona"},"content":{"rendered":"\n<p class=\"has-black-color has-text-color has-medium-font-size\"><strong>Gesendet:<\/strong>&nbsp;Sonntag, 26. April 2020 um 17:59 Uhr<br><strong>Von:<\/strong> Thomas <strong>Swiss Propaganda Research r\u00fcckt etliches zurecht<\/strong><\/p>\n\n\n\n<p class=\"has-black-color has-text-color has-medium-font-size\">Klartext adressiert BlackRock an seine Investoren: <a rel=\"noreferrer noopener\" target=\"_blank\" href=\"https:\/\/www.blackrock.com\/corporate\/investor-relations\/larry-fink-chairmans-letter\">https:\/\/www.blackrock.com\/corporate\/investor-relations\/larry-fink-chairmans-letter<\/a> .<br>In den Tr\u00fcmmern der Post-Corona-Welt ergeben sich f\u00fcr seine Investoren \u201e<em>gewaltige Gelegenheiten<\/em>\u201c.<\/p>\n\n\n\n<p class=\"has-black-color has-text-color has-medium-font-size\">Swiss Propaganda Research ist ein Forschungs- und Informationsprojekt zu geopolitischer Propaganda in Schweizer und internationalen Medien. Auf der Seite von swprs.org findet sich die t\u00e4glich aktualisierte Coronanalyse <a rel=\"noreferrer noopener\" target=\"_blank\" href=\"https:\/\/swprs.org\/covid-19-hinweis-ii\/#latest\">https:\/\/swprs.org\/covid-19-hinweis-ii\/#latest<\/a>.<br><br>Die Mediengleichschaltung beschreibt schon M. Kl\u00f6ckner in seinem Buch &#8222;Sabotierte Wirklichkeit&#8220; oder &#8222;Wenn Journalismus zur Glaubenslehre wird&#8220;.  Ich kann das Buch ausleihen.<br><br>Letztendlich muss man dem von Eva wiederholt zitierten RUBIKON in vielem zustimmen <a rel=\"noreferrer noopener\" target=\"_blank\" href=\"https:\/\/www.rubikon.news\/artikel\/die-corona-inszenierung\">https:\/\/www.rubikon.news\/artikel\/die-corona-inszenierung<\/a> .<br>RUBIKON-Zitat: &#8222;Es wird immer mehr mittelst\u00e4ndischen Unternehmern klar, dass sie durch die Corona-Geschichte schlichtweg aus dem Weg ger\u00e4umt werden sollen.&#8220;<br><br>Das Labor Augsburg MVZ schreibt am 3.4.20, dass Covid19-Virentests laut Empfehlung der WHO neu auch dann als positiv gelten, wenn die spezifische Zielsequenz des Covid19-Virus <em>negativ <\/em>und nur die <em>allgemeinere<\/em> Coronaviren-Zielsequenz positiv ist. Dies kann jedoch dazu f\u00fchren, dass auch andere Coronaviren (Erk\u00e4ltungsviren) ein falsches positives Testergebnis ausl\u00f6sen.<br>Das bedeutet, die noch immer wachsende Zahl von Infizierten ist nicht nur auf vermehrte Testungen, sondern auch auf eine unspezifischere Definition zur\u00fcckzuf\u00fchren. Dem entspricht die nicht zunehmende Zahl von Krankenhausf\u00e4llen.<br>Unterm Strich sieht es danach aus, dass die Corona-Pandemie ausgenutzt wird, um Gro\u00dfinvestoren wieder neue Schn\u00e4ppchen zu Lasten der Kleinen zu bieten und um gleichzeitig\u00a0 \u00dcberwachungsgesetze durchbringen zu k\u00f6nnen. Dazu geh\u00f6rt, den B\u00fcrgern \u00fcber die Medien weiter Angst zu machen, auch vor weiteren Lockerungen. Ich bin \u00fcberzeugt, es bringt keine Nachteile, Selbstst\u00e4ndigen und Restaurants\/Hotels bald wieder ihre Arbeitserlaubnis zu geben.<\/p>\n\n\n\n<hr class=\"wp-block-separator is-style-wide\"\/>\n","protected":false},"excerpt":{"rendered":"<p>Gesendet:&nbsp;Sonntag, 26. April 2020 um 17:59 UhrVon: Thomas Swiss Propaganda Research r\u00fcckt etliches zurecht Klartext adressiert BlackRock an seine Investoren: https:\/\/www.blackrock.com\/corporate\/investor-relations\/larry-fink-chairmans-letter .In den Tr\u00fcmmern der Post-Corona-Welt ergeben sich f\u00fcr seine Investoren \u201egewaltige Gelegenheiten\u201c. Swiss Propaganda Research ist ein Forschungs- und Informationsprojekt zu geopolitischer Propaganda in Schweizer und internationalen Medien. Auf der Seite von swprs.org findet&hellip;&nbsp;<a href=\"https:\/\/clan2.netordner.de\/?page_id=74\" class=\"\" rel=\"bookmark\">Weiterlesen &raquo;<span class=\"screen-reader-text\">Blackrock\/Corona<\/span><\/a><\/p>\n","protected":false},"author":1,"featured_media":0,"parent":0,"menu_order":0,"comment_status":"open","ping_status":"closed","template":"template-full-width.php","meta":{"neve_meta_sidebar":"","neve_meta_container":"","neve_meta_enable_content_width":"","neve_meta_content_width":0,"neve_meta_title_alignment":"","neve_meta_author_avatar":"","neve_post_elements_order":"","neve_meta_disable_header":"","neve_meta_disable_footer":"","neve_meta_disable_title":"","footnotes":""},"class_list":["post-74","page","type-page","status-publish","hentry"],"_links":{"self":[{"href":"https:\/\/clan2.netordner.de\/index.php?rest_route=\/wp\/v2\/pages\/74","targetHints":{"allow":["GET"]}}],"collection":[{"href":"https:\/\/clan2.netordner.de\/index.php?rest_route=\/wp\/v2\/pages"}],"about":[{"href":"https:\/\/clan2.netordner.de\/index.php?rest_route=\/wp\/v2\/types\/page"}],"author":[{"embeddable":true,"href":"https:\/\/clan2.netordner.de\/index.php?rest_route=\/wp\/v2\/users\/1"}],"replies":[{"embeddable":true,"href":"https:\/\/clan2.netordner.de\/index.php?rest_route=%2Fwp%2Fv2%2Fcomments&post=74"}],"version-history":[{"count":5,"href":"https:\/\/clan2.netordner.de\/index.php?rest_route=\/wp\/v2\/pages\/74\/revisions"}],"predecessor-version":[{"id":160,"href":"https:\/\/clan2.netordner.de\/index.php?rest_route=\/wp\/v2\/pages\/74\/revisions\/160"}],"wp:attachment":[{"href":"https:\/\/clan2.netordner.de\/index.php?rest_route=%2Fwp%2Fv2%2Fmedia&parent=74"}],"curies":[{"name":"wp","href":"https:\/\/api.w.org\/{rel}","templated":true}]}}