{"id":70,"date":"2020-06-16T09:58:00","date_gmt":"2020-06-16T07:58:00","guid":{"rendered":"http:\/\/clan2.netordner.de\/?page_id=70"},"modified":"2021-02-01T22:06:27","modified_gmt":"2021-02-01T21:06:27","slug":"shutdown","status":"publish","type":"page","link":"https:\/\/clan2.netordner.de\/?page_id=70","title":{"rendered":"Hat sich der Shutdown gelohnt?"},"content":{"rendered":"\n<p class=\"has-black-color has-text-color has-medium-font-size\"><strong>Gesendet:<\/strong>&nbsp;Dienstag, 16. Juni 2020 um 9:58 Uhr<br><strong>Von:<\/strong> Thomas <strong>Hat sich der Shutdown gelohnt?<\/strong><\/p>\n\n\n\n<p class=\"has-black-color has-text-color has-medium-font-size\">Guten Morgen. Das Dashboard der John-Hopkins-Universit\u00e4t ver\u00f6ffentlicht nur absolute Zahlen der best\u00e4tigten Covid-19-Erkrankungen. Zur Vergleichbarkeit habe ich diese Zahlen wie \u00fcblich runtergebrochen auf je 100.000 Einwohner (Bev\u00f6lkerungszahl laut Wikipedia).Die Frage l\u00e4\u00dft sich beantworten, welche Entwicklung gab es in den jeweiligen L\u00e4ndern, wenn sie einen rigiden oder einen teilweisen shutdown oder fast nichts oder Halbherziges zur Seucheneind\u00e4mmung unternahmen.<\/p>\n\n\n\n<p class=\"has-black-color has-text-color has-medium-font-size\"><a href=\"https:\/\/clan2.netordner.de\/wp-content\/uploads\/Shutdown-Auswirkungen-Stand-160520.pdf\" target=\"_blank\" rel=\"noreferrer noopener\">Meine Aufstellung<\/a> zeigt, dass die L\u00e4nder umso weniger an Neuinfektionen und Covid-Toten zu leiden haben, je entschiedener sie sich zu Ma\u00dfnahmen gegen die Seuche entschieden haben. Nat\u00fcrlich spielt die Situation des jeweiligen Gesundheitswesens auch eine Rolle, aber auch L\u00e4nder mit mangelhafter Krankenversorgung wie Italien und Spanien bekommen die Pandemie in den Griff mit ihrem shutdown. (Die Zahlen Russlands fallen aus der Rolle, d\u00fcrften aber nicht ehrlich sein.)<\/p>\n\n\n\n<p class=\"has-black-color has-text-color has-medium-font-size\">Zur Frage einer Impfung: Impfungen sind hocheffektiv und, wenn erprobt, sicher. Dazu gibt es viele tausende Studien. Bef\u00fcrchtete Folgen wie Autismus, Intelligenzschw\u00e4che, Immunst\u00f6rungen konnten sicher ausgeschlossen werden. Schwermetalle wurden in den Nachkriegsjahren bis in die 60er in manchen Impfstoffen zur Stabilisierung verwendet, seither nicht mehr.\u00a0 Also ich rate jederzeit zu Impfungen, dennoch w\u00fcrde ich mich jetzt nicht impfen lassen mit einem \u00fcberhastet eingef\u00fchrten Impfstoff, der nicht die \u00fcblichen jahrelangen Pr\u00fcfungen durchlaufen hat. Es sind in der Vergangenheit schon unbek\u00f6mmliche Impfstoffe auf den Markt gekommen, die wieder zur\u00fcckgezogen werden mussten.<\/p>\n\n\n\n<hr class=\"wp-block-separator is-style-wide\"\/>\n","protected":false},"excerpt":{"rendered":"<p>Gesendet:&nbsp;Dienstag, 16. Juni 2020 um 9:58 UhrVon: Thomas Hat sich der Shutdown gelohnt? Guten Morgen. Das Dashboard der John-Hopkins-Universit\u00e4t ver\u00f6ffentlicht nur absolute Zahlen der best\u00e4tigten Covid-19-Erkrankungen. Zur Vergleichbarkeit habe ich diese Zahlen wie \u00fcblich runtergebrochen auf je 100.000 Einwohner (Bev\u00f6lkerungszahl laut Wikipedia).Die Frage l\u00e4\u00dft sich beantworten, welche Entwicklung gab es in den jeweiligen L\u00e4ndern, wenn&hellip;&nbsp;<a href=\"https:\/\/clan2.netordner.de\/?page_id=70\" class=\"\" rel=\"bookmark\">Weiterlesen &raquo;<span class=\"screen-reader-text\">Hat sich der Shutdown gelohnt?<\/span><\/a><\/p>\n","protected":false},"author":1,"featured_media":0,"parent":0,"menu_order":0,"comment_status":"open","ping_status":"closed","template":"template-full-width.php","meta":{"neve_meta_sidebar":"","neve_meta_container":"","neve_meta_enable_content_width":"","neve_meta_content_width":0,"neve_meta_title_alignment":"","neve_meta_author_avatar":"","neve_post_elements_order":"","neve_meta_disable_header":"","neve_meta_disable_footer":"","neve_meta_disable_title":"","footnotes":""},"class_list":["post-70","page","type-page","status-publish","hentry"],"_links":{"self":[{"href":"https:\/\/clan2.netordner.de\/index.php?rest_route=\/wp\/v2\/pages\/70","targetHints":{"allow":["GET"]}}],"collection":[{"href":"https:\/\/clan2.netordner.de\/index.php?rest_route=\/wp\/v2\/pages"}],"about":[{"href":"https:\/\/clan2.netordner.de\/index.php?rest_route=\/wp\/v2\/types\/page"}],"author":[{"embeddable":true,"href":"https:\/\/clan2.netordner.de\/index.php?rest_route=\/wp\/v2\/users\/1"}],"replies":[{"embeddable":true,"href":"https:\/\/clan2.netordner.de\/index.php?rest_route=%2Fwp%2Fv2%2Fcomments&post=70"}],"version-history":[{"count":4,"href":"https:\/\/clan2.netordner.de\/index.php?rest_route=\/wp\/v2\/pages\/70\/revisions"}],"predecessor-version":[{"id":161,"href":"https:\/\/clan2.netordner.de\/index.php?rest_route=\/wp\/v2\/pages\/70\/revisions\/161"}],"wp:attachment":[{"href":"https:\/\/clan2.netordner.de\/index.php?rest_route=%2Fwp%2Fv2%2Fmedia&parent=70"}],"curies":[{"name":"wp","href":"https:\/\/api.w.org\/{rel}","templated":true}]}}