{"id":56,"date":"2021-01-28T19:03:56","date_gmt":"2021-01-28T18:03:56","guid":{"rendered":"http:\/\/clan2.netordner.de\/?page_id=56"},"modified":"2023-03-04T11:42:15","modified_gmt":"2023-03-04T10:42:15","slug":"datenverwertung","status":"publish","type":"page","link":"https:\/\/clan2.netordner.de\/?page_id=56","title":{"rendered":"Datenverwertung"},"content":{"rendered":"\n<p class=\"has-black-color has-text-color has-medium-font-size\"><strong>Gesendet:<\/strong>&nbsp;Mittwoch, 27. Januar 2021 um 21:58 Uhr<br><strong>Von:<\/strong> Thomas  <strong>Die Datenverwertung des Menschen<\/strong><br>Ich bin auf diesen Artikel im Rubikon gesto\u00dfen <a rel=\"noreferrer noopener\" href=\"https:\/\/www.rubikon.news\/artikel\/der-marktfahige-korper\" target=\"_blank\">https:\/\/www.rubikon.news\/artikel\/der-marktfahige-korper<\/a><br>Mir geht es nicht um die Hiebe auf Bill Gates oder gegen Coronamassnahmen darin, sondern um die aktuelle Thematik &#8222;Menschliches Verhalten als verwertbarer Rohstoff&#8220;. Ich w\u00fcrde das gerne diskutieren mit denen, die Mu\u00dfe dazu haben. Also Familienmitglieder, die beruflich und\/oder famili\u00e4r ohnehin eingespannt sind, brauchen sich nicht (k\u00f6nnen aber) angesprochen f\u00fchlen.<\/p>\n\n\n\n<hr class=\"wp-block-separator has-css-opacity is-style-wide\"\/>\n\n\n\n<p class=\"has-black-color has-text-color has-medium-font-size\"><strong>Gesendet:<\/strong>&nbsp;Mittwoch, 27. Januar 2021 um 23:04 Uhr<br><strong>Von:<\/strong> Kordula<br>Ich habe gerade eben kurz reingelesen. Ich besch\u00e4ftige mich gerade mit dem Buch: &#8222;J\u00e4ger, Hirten, Kritiker&#8220; von Richard David Precht, 2018 vor Corona geschrieben und da gehen mir auch die Augen auf, was das digitalisierte Zeitalter, die vierte industrielle Revolution, wovon in dem Artikel die Rede ist, alles bedeutet. D.h. ich habe im schnellen Lesen schon einiges aus dem Buch in dem Artikel wiederentdeckt. Finde das sehr interessant und erschreckend zugleich. Irgendwie f\u00fchle ich mich so, als wenn ich all die Jahre wo das schleichend passiert ist, verschlafen habe.&nbsp; &nbsp; Vielen Dank f\u00fcr den Artikel.<\/p>\n\n\n\n<hr class=\"wp-block-separator has-css-opacity is-style-wide\"\/>\n\n\n\n<p class=\"has-black-color has-text-color has-medium-font-size\"><strong>Gesendet:<\/strong>\u00a0Donnerstag, 28. Januar 2021 um 8:42 Uhr<br><strong>Von:<\/strong> Hans<br>Eine Entwicklung unter vielen, &#8222;Der Plattform-Kapitalismus verwandelt Erfahrungswissen in Marktwissen und Kontrollwissen&#8220;, die aber kein Aufreger ist. Nur ein weiterer &#8222;Schimmelpilz&#8220; auf dem nahrhaftem Boden Massendummheit und Privatkorruption. Kleine Ablenkung davon, gestrige Meldung, zwei Hessen wollen ihre Rundfunkgeb\u00fchr bar bezahlen und m\u00fcssen dieses Recht durch alle Instanzen einklagen. Gestern lese ich, der EuGH hat endg\u00fcltig abgelehnt, Bargeld geht also nicht. Meldung heute, keine Einigung Br\u00fcssel-AstraZenica mit Hauptsitz in Cambridge. Die EU wird vorgef\u00fchrt. Aber nicht, weil AZ clever ist, sondern (sagt UN-Beschaffungs-Vortragsreisender <a rel=\"noreferrer noopener\" href=\"https:\/\/www.huscholz.de\/sigfried-schoen.html\" target=\"_blank\">https:\/\/www.huscholz.de\/sigfried-schoen.html<\/a> ) weil verw\u00f6hnte EU-Beamte mit t\u00e4gl. brutto 8 Stunden Sesselpupen nur fuschen. So ergibt nahrhafter Boden allerorten &#8222;Pilze&#8220; und &#8222;Geschw\u00fcre&#8220;. Verfasser von Dystopien bauen im Gefolge von George Orwell darauf auf. Aufregung, dass es dann passiert, \u00fcbersieht, dass auch ganz anderes im Gesamtbild passiert. Die Gemengenlage zeigt, der Mensch ist erl\u00f6sungsbed\u00fcrftig. Und auf dem Weg vom Wesen, das vor 450 Millionen Jahren atmen lernte und das Wasser verlie\u00df, \u00fcber das auch heutzutage Animalische (Sex sells, Schn\u00e4ppchen jagen) in den Genen sich in nochmal 450 Millionen Jahren endlich zum vorherbestimmten Ebenbild Gottes reift, ist zum einen der Einzelne gefordert. Passiert aktuell z.B. bei den solidarischen Landwirtschaften. Zum anderen hat jede Zeit ihre Propheten, z.B. wenig beachtet Muhammed Yunus (Quelle <a rel=\"noreferrer noopener\" href=\"https:\/\/fairdeal.wordpress.com\/\" target=\"_blank\">https:\/\/fairdeal.wordpress.com\/<\/a>). Thomas hat mir ein Buch geschenkt, dem nur jeder Erfolg beschieden sein sollte und keine Dystopie: &#8222;Utopien f\u00fcr Realisten&#8220; von Rutger Bregman. So geht es, um Erfahrungswissen, Marktwissen und Kontrollwissen zu relativieren.<\/p>\n\n\n\n<hr class=\"wp-block-separator has-css-opacity is-style-wide\"\/>\n\n\n\n<p class=\"has-black-color has-text-color has-medium-font-size\"><strong>Gesendet:<\/strong>&nbsp;Donnerstag, 28. Januar 2021 um 18:08 Uhr<br><strong>Von:<\/strong> Josef<br>Ich tendiere in der Artikeleinsch\u00e4tzung zu Hans seiner Position, soweit ich ihn richtig interpretiere.<br>Aus meiner Sicht wird die kapitalistische Entwicklung durchaus richtig dargestellt, aber sehr alarmistisch, was mir nicht gef\u00e4llt. Denn die Suche nach immer neuen Verwertungsm\u00f6glichkeiten des zuviel vorhandenen Geldes und so immer gr\u00f6\u00dfere Teile des gesellschaftlichen Lebens in die kapitalistische Verwertungslogik zu integrieren, erleben und beklagen wir schon lange. Jetzt ist eben auch der Mensch an sich dran. Dass Corona autorit\u00e4re und diktatorische Elemente salonf\u00e4hig macht ist auch bekannt und wird beklagt. Allerdings sollte man die Kuh im Dorf lassen. Ich begr\u00fc\u00dfe es durchaus, wenn dem Staat in au\u00dfergew\u00f6hnlichen F\u00e4llen um der Durchsetzung willen solche Handlungsoptionen zur Verf\u00fcgung stehen. Man muss nicht alles negativ sehen, wichtig ist, die Sache richtig einzuordnen und demokratisch, kritisch zu begleiten. Die Macht der gro\u00dfen (Pharma)Konzerne, der immer gr\u00f6\u00dfere Einflu\u00df von Gates und Konsorten und die \u00dcbernahme von immer mehr staatlichen Aufgaben (z.B. WHO), die Selbstkasteiung und der immer weiter schwindene Einflu\u00df von gew\u00e4hlten Regierenden (auch) durch die Steuergesetze, die Konzerne und Reiche immer weiter entlasten, das alles ist nicht neu und sind Folgen des praktizierten Neoliberalismus.<\/p>\n\n\n\n<p class=\"has-black-color has-text-color has-medium-font-size\">Und wo bleibt am Ende ein Hinweis, was man tun k\u00f6nnte, sollte? Was sind die Gegenma\u00dfnahmen? Ich finde, so etwas geh\u00f6rt zu einem politischen Artikel dazu. Mir gef\u00e4llt da z.B. der Aufsatz vom WGBU (<a rel=\"noreferrer noopener\" href=\"https:\/\/clan2.netordner.de\/wp-content\/uploads\/digitalisierung-vom-WBGU.pdf\" target=\"_blank\">aus dem Jahr 2018<\/a>) viel besser, der die richtigen Fragen stellt zur auf uns zukommenden Digitalisierung und so aufzeigt, was zu tun ist. <\/p>\n\n\n\n<p class=\"has-black-color has-text-color has-medium-font-size\">Und wer Interesse hat, dem empfehle ich das Gutachten des WBGU von 2019 &#8222;Unsere gemeinsame digitale Zukunft&#8220; Was ich als sehr wichtig empfinde ist die Orientierung auf die Nachhaltigskeits-Agenda 2030 der UN und deren 17 SDGs. \u00dcberhaupt sollte man deren SDGs (Sustainable Development Goals) in der breiten \u00d6ffentlichkeit viel mehr zur Sprache bringen.<\/p>\n\n\n\n<p class=\"has-black-color has-text-color has-medium-font-size\">Da ich euch nicht mit den 468 Seiten des <a href=\"https:\/\/clan2.netordner.de\/wp-content\/uploads\/WBGU_unsere-gemeinsame-digitale-Zukunft-Hauptgutachten.pdf\" target=\"_blank\" rel=\"noreferrer noopener\">Hauptwerkes<\/a> vielleicht \u00fcberfordern m\u00f6chte, gibt es auch eine <a rel=\"noreferrer noopener\" href=\"https:\/\/clan2.netordner.de\/wp-content\/uploads\/WBGU_unsere-gemeinsame-digitale-Zukunft-Zusammenfassung.pdf\" target=\"_blank\">Zusammenfassung<\/a> mit nur 26 Seiten.<br><\/p>\n\n\n\n<p class=\"has-black-color has-text-color has-medium-font-size\">Und wem das auch noch zuviel ist, der kann auf den Artikel der Bl\u00e4tter f\u00fcr deutsche und internationale Politik, Band 1\/21, zur\u00fcck greifen, den ich f\u00fcr sehr gut halte, den ich euch aber wohl schon mal geschickt habe(?). (Zu h\u00f6ren oder lesen auch auf Deutschlandfunk <a rel=\"noreferrer noopener\" href=\"https:\/\/www.deutschlandfunk.de\/anmerkungen-zur-automatisierung-von-der-zukunft-des-homo.1184.de.html?dram:article_id=487673#\" target=\"_blank\">hier<\/a>)<\/p>\n\n\n\n<hr class=\"wp-block-separator has-text-color has-vivid-cyan-blue-color has-css-opacity has-vivid-cyan-blue-background-color has-background is-style-wide\"\/>\n","protected":false},"excerpt":{"rendered":"<p>Gesendet:&nbsp;Mittwoch, 27. Januar 2021 um 21:58 UhrVon: Thomas Die Datenverwertung des MenschenIch bin auf diesen Artikel im Rubikon gesto\u00dfen https:\/\/www.rubikon.news\/artikel\/der-marktfahige-korperMir geht es nicht um die Hiebe auf Bill Gates oder gegen Coronamassnahmen darin, sondern um die aktuelle Thematik &#8222;Menschliches Verhalten als verwertbarer Rohstoff&#8220;. Ich w\u00fcrde das gerne diskutieren mit denen, die Mu\u00dfe dazu haben. Also&hellip;&nbsp;<a href=\"https:\/\/clan2.netordner.de\/?page_id=56\" class=\"\" rel=\"bookmark\">Weiterlesen &raquo;<span class=\"screen-reader-text\">Datenverwertung<\/span><\/a><\/p>\n","protected":false},"author":1,"featured_media":0,"parent":0,"menu_order":2,"comment_status":"open","ping_status":"closed","template":"template-full-width.php","meta":{"neve_meta_sidebar":"","neve_meta_container":"","neve_meta_enable_content_width":"","neve_meta_content_width":0,"neve_meta_title_alignment":"","neve_meta_author_avatar":"","neve_post_elements_order":"","neve_meta_disable_header":"","neve_meta_disable_footer":"","neve_meta_disable_title":"","footnotes":""},"class_list":["post-56","page","type-page","status-publish","hentry"],"_links":{"self":[{"href":"https:\/\/clan2.netordner.de\/index.php?rest_route=\/wp\/v2\/pages\/56","targetHints":{"allow":["GET"]}}],"collection":[{"href":"https:\/\/clan2.netordner.de\/index.php?rest_route=\/wp\/v2\/pages"}],"about":[{"href":"https:\/\/clan2.netordner.de\/index.php?rest_route=\/wp\/v2\/types\/page"}],"author":[{"embeddable":true,"href":"https:\/\/clan2.netordner.de\/index.php?rest_route=\/wp\/v2\/users\/1"}],"replies":[{"embeddable":true,"href":"https:\/\/clan2.netordner.de\/index.php?rest_route=%2Fwp%2Fv2%2Fcomments&post=56"}],"version-history":[{"count":8,"href":"https:\/\/clan2.netordner.de\/index.php?rest_route=\/wp\/v2\/pages\/56\/revisions"}],"predecessor-version":[{"id":471,"href":"https:\/\/clan2.netordner.de\/index.php?rest_route=\/wp\/v2\/pages\/56\/revisions\/471"}],"wp:attachment":[{"href":"https:\/\/clan2.netordner.de\/index.php?rest_route=%2Fwp%2Fv2%2Fmedia&parent=56"}],"curies":[{"name":"wp","href":"https:\/\/api.w.org\/{rel}","templated":true}]}}