{"id":474,"date":"2024-01-07T16:52:05","date_gmt":"2024-01-07T15:52:05","guid":{"rendered":"https:\/\/clan2.netordner.de\/?page_id=474"},"modified":"2024-02-06T12:01:02","modified_gmt":"2024-02-06T11:01:02","slug":"artikel","status":"publish","type":"page","link":"https:\/\/clan2.netordner.de\/?page_id=474","title":{"rendered":"Artikel"},"content":{"rendered":"\n<p>Eine Sammlung von Kopien von Artikeln, die eines der Familienmitglieder mit den anderen teilen m\u00f6chte. Aber nicht einfach abgelegt, nur weil es wert ist, aufgehoben zu werden, sondern um geteilt zu werden. Mitgeteilt.<br><br>Dazu geh\u00f6rt nat\u00fcrlich auch eine Erkl\u00e4rung oder Begr\u00fcndung, warum es hierher und nicht vergessen geh\u00f6rt.<br><br>Dazu geh\u00f6rt aber auch die Toleranz, bei Mi\u00dffallen dieses hier nicht zu bek\u00e4mpfen. Per Kommentar kann alles erg\u00e4nzt und bei Zustimmung best\u00e4rkt werden.<br>(Kommentare zum Artikel werden von Hans zur passenden Erkl\u00e4rung oder Begr\u00fcndung verschoben.)<\/p>\n\n\n\n<hr class=\"wp-block-separator has-alpha-channel-opacity is-style-wide\"\/>\n\n\n\n<p> 7. Jan. 24 \/  Harald Martenstein: \u00dcber die totale Niederlage des Bildungswesens \/ aus Zeit-Magazin vom August 2023 \/ <a href=\"https:\/\/clan2.netordner.de\/wp-content\/uploads\/Harald-Martenstein-Ueber-die-totale-Niederlage-des-Bildungswesens-ZEITmagazin.pdf\" data-type=\"link\" data-id=\"https:\/\/clan2.netordner.de\/wp-content\/uploads\/Harald-Martenstein-Ueber-die-totale-Niederlage-des-Bildungswesens-ZEITmagazin.pdf\">pdf-Datei hier<\/a><br>Hans: Harald Martenstein ist ein bekannter Kolumnist mit regelm\u00e4\u00dfiger Pr\u00e4senz u.a. in ZEIT, WELT, Tagesspiegel oder auf radioeins mit podcasts.<br>Die hier reingestellte <a href=\"https:\/\/clan2.netordner.de\/wp-content\/uploads\/Harald-Martenstein-Ueber-die-totale-Niederlage-des-Bildungswesens-ZEITmagazin.pdf\">pdf-Datei<\/a> vom ZEIT-Magazin finde ich lustig und als eine Erg\u00e4nzung zu dem im Blog schon fr\u00fcher aufgegriffenen Thema unter <a href=\"https:\/\/clan2.netordner.de\/?page_id=81\">Digitalisierung<\/a> von Thomas.<\/p>\n\n\n\n<hr class=\"wp-block-separator has-alpha-channel-opacity is-style-wide\"\/>\n\n\n\n<p>5. Feb. 24 \/ NZZ von heute. \u00dcberschrift:<em>&#8222;Religion ist nicht die Ursache von Gewalt<\/em>&#8222;. Untertitel: <em>&#8222;Der Zusammenhang zwischen Religion und Gewalt \u00fcberzeugt im Falle des Christentums nicht. Beim Islam ist der Befund weniger eindeutig&#8220;<\/em>. <a href=\"https:\/\/clan2.netordner.de\/wp-content\/uploads\/ReligionGewalt.pdf\" data-type=\"link\" data-id=\"https:\/\/clan2.netordner.de\/wp-content\/uploads\/ReligionGewalt.pdf\" target=\"_blank\" rel=\"noreferrer noopener\">1 Seite pdf-Datei, 50X70cm in einem St\u00fcck hier<\/a>.<br>In den 70ern hatte ich Saudi-Freunde im Dienst und privat vor allem den Ali. Es ging nicht um Religion, da gab es nichts Trennendes. Aber dennoch haben sie ihr Bedauern ge\u00e4u\u00dfert, dass ich, der nun dem Islam begegnet ist und sich nicht bekehrt, in der H\u00f6lle landen werde. Nach dem Tsunami diesmal ohne Familienleben, eingetaucht in die hardcore Kultur des Islam, ersp\u00fcrte ich die politische Kraft des Gehorsam erzwingenden Islams. Ein Abfall vom Glauben wird mit dem Tode bestraft und 100% verstehen das. Denken ist nicht n\u00f6tig, mache ich mein Ding, werde ich in Ruhe gelassen, die Form wahren reicht. Was aber Anfang 2024 dies f\u00fcr mich hoch holt, ist Islam bei uns. Ist, was bei der Parteigr\u00fcndung der DAVA nicht bemerkt wird. Aktuell ist, das sei eine t\u00fcrkische AfD oder der Versuch Erdogans, Einfluss auf die deutsche Politik zu gewinnen. Nicht gesehen wird, dass es um die Verbreitung des Islam geht. Einer DAVA im Parlament, EU und\/oder D, kann keiner abschlagen, sich f\u00fcr die Muslime einzusetzen. Regel: Bis zu 5% Bev\u00f6lkerungsanteil verh\u00e4lt sich der Moslem angepasst, fastet nicht und trinkt ohne Weiteres auch mal Alkohol. Bis zu 30% wird die Religion pr\u00e4sentiert. Bis zu 60 % Anteil wird gefordert und dann bei \u00fcber 60% auch durchgesetzt, dass der Koran Grundlage f\u00fcr Recht und Ordnung ist.<\/p>\n\n\n\n<hr class=\"wp-block-separator has-alpha-channel-opacity is-style-wide\"\/>\n","protected":false},"excerpt":{"rendered":"<p>Eine Sammlung von Kopien von Artikeln, die eines der Familienmitglieder mit den anderen teilen m\u00f6chte. Aber nicht einfach abgelegt, nur weil es wert ist, aufgehoben zu werden, sondern um geteilt zu werden. Mitgeteilt. Dazu geh\u00f6rt nat\u00fcrlich auch eine Erkl\u00e4rung oder Begr\u00fcndung, warum es hierher und nicht vergessen geh\u00f6rt. Dazu geh\u00f6rt aber auch die Toleranz, bei&hellip;&nbsp;<a href=\"https:\/\/clan2.netordner.de\/?page_id=474\" class=\"\" rel=\"bookmark\">Weiterlesen &raquo;<span class=\"screen-reader-text\">Artikel<\/span><\/a><\/p>\n","protected":false},"author":1,"featured_media":0,"parent":0,"menu_order":0,"comment_status":"open","ping_status":"closed","template":"","meta":{"neve_meta_sidebar":"","neve_meta_container":"","neve_meta_enable_content_width":"","neve_meta_content_width":0,"neve_meta_title_alignment":"","neve_meta_author_avatar":"","neve_post_elements_order":"","neve_meta_disable_header":"","neve_meta_disable_footer":"","neve_meta_disable_title":"","footnotes":""},"class_list":["post-474","page","type-page","status-publish","hentry"],"_links":{"self":[{"href":"https:\/\/clan2.netordner.de\/index.php?rest_route=\/wp\/v2\/pages\/474","targetHints":{"allow":["GET"]}}],"collection":[{"href":"https:\/\/clan2.netordner.de\/index.php?rest_route=\/wp\/v2\/pages"}],"about":[{"href":"https:\/\/clan2.netordner.de\/index.php?rest_route=\/wp\/v2\/types\/page"}],"author":[{"embeddable":true,"href":"https:\/\/clan2.netordner.de\/index.php?rest_route=\/wp\/v2\/users\/1"}],"replies":[{"embeddable":true,"href":"https:\/\/clan2.netordner.de\/index.php?rest_route=%2Fwp%2Fv2%2Fcomments&post=474"}],"version-history":[{"count":9,"href":"https:\/\/clan2.netordner.de\/index.php?rest_route=\/wp\/v2\/pages\/474\/revisions"}],"predecessor-version":[{"id":540,"href":"https:\/\/clan2.netordner.de\/index.php?rest_route=\/wp\/v2\/pages\/474\/revisions\/540"}],"wp:attachment":[{"href":"https:\/\/clan2.netordner.de\/index.php?rest_route=%2Fwp%2Fv2%2Fmedia&parent=474"}],"curies":[{"name":"wp","href":"https:\/\/api.w.org\/{rel}","templated":true}]}}