{"id":438,"date":"2022-10-07T22:00:55","date_gmt":"2022-10-07T20:00:55","guid":{"rendered":"https:\/\/clan2.netordner.de\/?page_id=438"},"modified":"2023-03-04T10:56:54","modified_gmt":"2023-03-04T09:56:54","slug":"atom-2","status":"publish","type":"page","link":"https:\/\/clan2.netordner.de\/?page_id=438","title":{"rendered":"Atom"},"content":{"rendered":"\n<p>Am 7.10.22 mailt Clemens (<a rel=\"noreferrer noopener\" href=\"https:\/\/scholzclan.wordpress.com\/2022\/10\/07\/all-are-welcome\/\" target=\"_blank\">Mail im privatem Blog<\/a>) mit verschiedenen Kritikpunkten u.a.<\/p>\n\n\n\n<blockquote class=\"wp-block-quote is-layout-flow wp-block-quote-is-layout-flow\">\n<p>Einfach mit dieser Atomangst aufh\u00f6ren und moderne Atomkraftwerke zulassen, die keine Brennst\u00e4be mehr ben\u00f6tigen, bei denen es wirklich niemals zu einer Kernschmelze kommem k\u00f6nnte. Ich wei\u00df von meiner Physikerquelle, dass es zum Gl\u00fcck Menschen gibt die nun das erste <a href=\"https:\/\/de.wikipedia.org\/wiki\/Transmutation\" target=\"_blank\" rel=\"noreferrer noopener\">Transmutation<\/a>skraftwerk entwickeln, betrieben mit Atomm\u00fcll, zum Zersetzten von Atomm\u00fcll!<\/p>\n<\/blockquote>\n\n\n\n<p>Hans 7.10.22: Atomangst herrscht wegen der Atombombe und solange die Bombe nicht abgeschafft wird, wird diese Angst nicht aufh\u00f6ren. Nach Hiroshima und Nagasaki wurde euphorisch auf die technisch und wirtschaftlich genutzte Kernenergie gehofft. Leider wurde die subventioniert und kein Verbraucher musste jemals den Gesamtpreis einer kWh von rund 10 Dollar zahlen. Der Hauptanteil dieses Preises wird in  den n\u00e4chsten Jahrhunderten zu zahlen sein. Ein verschleierter Nutzen der AKWs besteht in der Plutoniumgewinnung f\u00fcr die Bombe. Die Sicherheit der AKWs wird versprochen, die Geschichte lehrt, dass die geringe statistische Wahrscheinlichkeit nur Theorie ist. Die Angst vor der Bombe wird erg\u00e4nzt von der Angst vor dem Gau. Also weg mit der Bombe und den AKWs.<br>Am 26. April 2021 habe ich das besprochen auf <a rel=\"noreferrer noopener\" href=\"https:\/\/wasistdasproblem.de\/erneuerbare\/35-jahre-tschernobyl\/\" target=\"_blank\">https:\/\/wasistdasproblem.de\/erneuerbare\/35-jahre-tschernobyl\/<\/a><\/p>\n","protected":false},"excerpt":{"rendered":"<p>Am 7.10.22 mailt Clemens (Mail im privatem Blog) mit verschiedenen Kritikpunkten u.a. Einfach mit dieser Atomangst aufh\u00f6ren und moderne Atomkraftwerke zulassen, die keine Brennst\u00e4be mehr ben\u00f6tigen, bei denen es wirklich niemals zu einer Kernschmelze kommem k\u00f6nnte. Ich wei\u00df von meiner Physikerquelle, dass es zum Gl\u00fcck Menschen gibt die nun das erste Transmutationskraftwerk entwickeln, betrieben mit&hellip;&nbsp;<a href=\"https:\/\/clan2.netordner.de\/?page_id=438\" class=\"\" rel=\"bookmark\">Weiterlesen &raquo;<span class=\"screen-reader-text\">Atom<\/span><\/a><\/p>\n","protected":false},"author":1,"featured_media":0,"parent":0,"menu_order":0,"comment_status":"open","ping_status":"closed","template":"","meta":{"neve_meta_sidebar":"","neve_meta_container":"","neve_meta_enable_content_width":"","neve_meta_content_width":0,"neve_meta_title_alignment":"","neve_meta_author_avatar":"","neve_post_elements_order":"","neve_meta_disable_header":"","neve_meta_disable_footer":"","neve_meta_disable_title":"","footnotes":""},"class_list":["post-438","page","type-page","status-publish","hentry"],"_links":{"self":[{"href":"https:\/\/clan2.netordner.de\/index.php?rest_route=\/wp\/v2\/pages\/438","targetHints":{"allow":["GET"]}}],"collection":[{"href":"https:\/\/clan2.netordner.de\/index.php?rest_route=\/wp\/v2\/pages"}],"about":[{"href":"https:\/\/clan2.netordner.de\/index.php?rest_route=\/wp\/v2\/types\/page"}],"author":[{"embeddable":true,"href":"https:\/\/clan2.netordner.de\/index.php?rest_route=\/wp\/v2\/users\/1"}],"replies":[{"embeddable":true,"href":"https:\/\/clan2.netordner.de\/index.php?rest_route=%2Fwp%2Fv2%2Fcomments&post=438"}],"version-history":[{"count":5,"href":"https:\/\/clan2.netordner.de\/index.php?rest_route=\/wp\/v2\/pages\/438\/revisions"}],"predecessor-version":[{"id":458,"href":"https:\/\/clan2.netordner.de\/index.php?rest_route=\/wp\/v2\/pages\/438\/revisions\/458"}],"wp:attachment":[{"href":"https:\/\/clan2.netordner.de\/index.php?rest_route=%2Fwp%2Fv2%2Fmedia&parent=438"}],"curies":[{"name":"wp","href":"https:\/\/api.w.org\/{rel}","templated":true}]}}