{"id":403,"date":"2021-12-24T10:47:23","date_gmt":"2021-12-24T09:47:23","guid":{"rendered":"https:\/\/clan2.netordner.de\/?page_id=403"},"modified":"2023-03-04T11:33:17","modified_gmt":"2023-03-04T10:33:17","slug":"ostern-2021","status":"publish","type":"page","link":"https:\/\/clan2.netordner.de\/?page_id=403","title":{"rendered":"Ostern 2021"},"content":{"rendered":"\n<div class=\"wp-block-columns is-layout-flex wp-container-core-columns-is-layout-9d6595d7 wp-block-columns-is-layout-flex\">\n<div class=\"wp-block-column is-layout-flow wp-block-column-is-layout-flow\" style=\"flex-basis:100%\">\n<div class=\"wp-block-columns is-layout-flex wp-container-core-columns-is-layout-9d6595d7 wp-block-columns-is-layout-flex\">\n<div class=\"wp-block-column is-layout-flow wp-block-column-is-layout-flow\" style=\"flex-basis:100%\">\n<figure class=\"wp-block-image size-full is-resized is-style-default\"><img loading=\"lazy\" decoding=\"async\" src=\"https:\/\/clan2.netordner.de\/wp-content\/uploads\/jl02-2.jpg\" alt=\"\" class=\"wp-image-411\" width=\"495\" height=\"104\" srcset=\"https:\/\/clan2.netordner.de\/wp-content\/uploads\/jl02-2.jpg 495w, https:\/\/clan2.netordner.de\/wp-content\/uploads\/jl02-2-300x63.jpg 300w\" sizes=\"auto, (max-width: 495px) 100vw, 495px\" \/><\/figure>\n\n\n\n<figure class=\"wp-block-image size-full is-resized is-style-default\"><img loading=\"lazy\" decoding=\"async\" src=\"https:\/\/clan2.netordner.de\/wp-content\/uploads\/jl03-2.jpg\" alt=\"\" class=\"wp-image-412\" width=\"335\" height=\"255\" srcset=\"https:\/\/clan2.netordner.de\/wp-content\/uploads\/jl03-2.jpg 670w, https:\/\/clan2.netordner.de\/wp-content\/uploads\/jl03-2-300x228.jpg 300w\" sizes=\"auto, (max-width: 335px) 100vw, 335px\" \/><\/figure>\n<\/div>\n<\/div>\n<\/div>\n<\/div>\n\n\n\n<p>Sch\u00f6nen guten Tag liebe Friedensfreunde,<br>vielen Dank an die Organisatoren, dass ich heute hier auf der Ostermarsch- Veranstaltung einen kleinen Beitrag leisten und f\u00fcr unsere Fuldaer Attac-Gruppe sprechen darf.<br>Ich freue mich sehr, dass ihr alle gekommen seid, und wir so zusammen ein Zeichen daf\u00fcr setzen, dass auch heute noch das Thema Frieden, der Einsatz f\u00fcr den Frieden wichtig ist.<br>Die Ostermarschbewegung und die Friedensbewegung haben ja eine jahrzehntelange gro\u00dfe Tradition mit vielen hunderttausenden Teilnehmern, und wenn ich jetzt auf die Ursr\u00fcnge der Ostermarschbewegung zu sprechen komme, dann nicht aus Nostalgiegr\u00fcnden eines schon etwas \u00e4lteren Veteranen, sondern weil es meiner Meinung nach immer noch erstaunlich viele Parallelen gibt zwischen damals und heute.<br>Nach dem 2. Weltkrieg gab es in Deutschland nach den Schrecken des Krieges eine gro\u00dfe, gemeinsame Abneigung gegen Krieg, Militarismus und Aufr\u00fcstung und das Bekenntnis: \u201eNie wieder Krieg, nie wieder Faschismus\u201c war vielfach zu h\u00f6ren.<br>Nicht zufallig hatten wir ja in dieser Zeit eine Frauengesellschaft, es waren ja die Frauen, die zuerst die ganze Zerst\u00f6rung ihrer Heimat ertragen mussten und dann danach alles aufr\u00e4umen und wieder aufbauen durften.<br>Und so war es auch keine gro\u00dfe \u00dcberraschung, als in den f\u00fcnfziger Jahren sich durch die Wiederbewaffnung, den Beitritt zur Nato und nach dem Verlangen nach Verf\u00fcgung \u00fcber deutsche Atomwaffen, sich eine gro\u00dfe Protestbewgung dagegen entwickelte, ab 1960 dann auch der Ostermarsch.<br>Aber wie konnte es dazu kommen, dass trotz der Kriegsm\u00fcdigkeit, sich die Wiederbewaffnung doch so problemlos durchsetzen lie\u00df?<br>Es sind immer wieder die gleichen Mechanismen:<\/p>\n\n\n\n<ul class=\"wp-block-list\">\n<li>Ein Feindbild wird aufgebaut. Schon 1945 zerbrach die Antihitler-Koalition, das System Sowjetunion und dessen Ziele war mit dem westlichen Kapitalismus nicht vereinbar und aus dem hei\u00dfen Krieg entwickelte sich der immer gef\u00e4hrlicher werdende Kalte Krieg.<br>Die Propaganda-Maschinerie gegen den Kommunismus lief auf Hochtouren, alte Nazis wurden pl\u00f6tzlich als kompetente Antikommunisten wieder hoff\u00e4hig und die Blockade Westberlins, der Koreakrieg, der Einsatz sowjetischer Panzer gegen die demonstrierenden Arbeiter 1953 in Berlin und auch 1956 in Ungarn gaben ja auch reichlich Munition f\u00fcr die Angstkampagne gegen den Osten.<\/li>\n\n\n\n<li>Dann immer wieder die Legende, wir m\u00fcssen uns auch selbst verteidigen k\u00f6nnen, als neues Mitglied der Nato muss man auch Verantwortung \u00fcbernehmen. <\/li>\n\n\n\n<li>Und nicht zuletzt das wichtigste Momentum bei jeder Aufr\u00fcstung: ein starkes Milit\u00e4r ist immer auch Basis f\u00fcr Macht und Einflu\u00df, und es ist der Bereich, wo der Staat am leichtesten relativ unkontrolliert am meisten Geld ausgeben und verteilen kann und wo f\u00fcr die Wirtschaft die fettesten Gewinne zu erzielen sind. Und \u00fcbrigens auch eines der wichtigsten Felder f\u00fcr Korruption.<\/li>\n<\/ul>\n\n\n\n<p>Ich m\u00f6chte hier den Bogen schlagen zu unserer Gegenwart. Als Pazifist ist man ja nie wirklich ernst genommen worden, dumm, verblendet oder naiv sind noch einige der harmlosen Bezeichnungen.<br>Auf Kooperation, auf Interessenausgleich und Moderation, auf ein gleichberechtigte Miteinander hinzuwirken, sei eine Illusion, eine Utopie, die dem menschlichen Wesen widerspreche.<br>Aber meine ganz ernsthaft gestellte Gegenfrage lautet: Was w\u00e4re denn eine echte Alternative dazu?<br>Der Weg, der immer und immer wieder gew\u00e4hlt wird, ist der, \u00fcber milit\u00e4rische Aufr\u00fcstung sich Macht, Einflu\u00df und damit \u00dcberlegenheit zu sichern, womit man dann die eigenen Interessen auch durchsetzen kann.<\/p>\n\n\n\n<p>Aber niemand will scheinbar wahrhaben, dass dieser Weg immer und immer wieder gescheitert ist. Hier einige Beispiele der letzten 20 Jahre:<\/p>\n\n\n\n<ul class=\"wp-block-list\">\n<li>1999 der Tabubruch, seit Hitler der erste Angriffseinsatz im Ausland mit deutscher Beteiligung, in Exjugoslawien (ohne UN-Mandat, unter einer SPD-Gr\u00fcn gef\u00fchrten Regierung),<\/li>\n\n\n\n<li>2001 \u2013 2021 der Afghanistankrieg, der sogenannte Krieg gegen den Terror<\/li>\n\n\n\n<li>ab 2003 der Irakkrieg<\/li>\n\n\n\n<li>ab 2011 Krieg in Libyen<\/li>\n\n\n\n<li>ab 2012 Krieg in Syrien<\/li>\n\n\n\n<li>ab 2012 Krieg in Mali<\/li>\n\n\n\n<li>ab 2014 Krieg in der Ukraine<\/li>\n\n\n\n<li>ab 2015 Krieg im Jemen und es geht immer weiter so.<\/li>\n<\/ul>\n\n\n\n<p>Und was sind die Ergebnisse all dieser kriegerischen Interventionen?<\/p>\n\n\n\n<ul class=\"wp-block-list\">\n<li>Die L\u00e4nder im ehemaligen Jugoslawien sind verarmt, untereinander immer noch zerstritten, die EU muss immer noch j\u00e4hrlich viele Milliarden Euro hinein pumpen, um es dort noch einigerma\u00dfen am Laufen zu halten;<\/li>\n\n\n\n<li>der Irak ist total zerst\u00f6rt, verarmt, zerstritten, immer noch Kriegsgebiet;<\/li>\n\n\n\n<li>in Syrien ist es noch schlimmer;<\/li>\n\n\n\n<li>in Libyen herrscht seitdem Chaos;<\/li>\n\n\n\n<li>in Mali hat sich nichts verbessert;<\/li>\n\n\n\n<li>in der Ukraine hat sich nichts ver\u00e4ndert,<\/li>\n\n\n\n<li>und im Jemen ist inzwischen nicht nur alles kaputt, da findet zur Zeit die gr\u00f6\u00dfte Hungerkatastrophe auf der Welt statt, alle 10 Minuten verhungert dort ein Kind.\u200b<\/li>\n<\/ul>\n\n\n\n<p>Kurz gesagt, wo wir fr\u00fcher zwar nicht genehme oder auch diktatorische Regierungsformen, im Ganzen aber bl\u00fchende, prosperierende L\u00e4nder hatten, da gibt es heute fast nur noch Schutt und Asche, B\u00fcrgerkrieg und Armut, und von all diesen Kriegsschaupl\u00e4tzen kommen Millionen von Fl\u00fcchtlinge.<br>Ist so etwas also wirklich eine Alternative zu Diplomatie, Dialog, Monitoring und Interessenausgleich?<br>Wieso macht man sich da \u00fcber unsere pazifistischen Ideen und Pl\u00e4ne lustig, und dieser kriegerische, t\u00f6dliche Weg der Aufr\u00fcstung und der Resourcen- und Geldverschwendung wird kommentarlos akzeptiert? Immer und immer wieder wird auf die milit\u00e4rische L\u00f6sung von Problemen gesetzt. Unbegreiflich. Und da schlie\u00dfe<br>ich den Bogen wieder und komme zu den Parallelen von damals, die ich am Anfang genannt habe:<\/p>\n\n\n\n<ul class=\"wp-block-list\">\n<li>Auch heute wird wieder flei\u00dfig an einem Feindbild gearbeitet \u2013 heute sind es muslimische Terroristen und damit der unendliche Krieg gegen den Terror, und heute sind es die unberechenbaren Russen und Chinesen, denn auch wenn sie uns zur Zeit nicht milit\u00e4risch bedrohen, so sind sie doch auf jeden Fall wirtschaftlich gef\u00e4hrlich.<\/li>\n\n\n\n<li>Auch heute wird wieder milit\u00e4risch aufger\u00fcstet, so viel wie schon lange nicht mehr.<\/li>\n\n\n\n<li>Auch heute ist der milit\u00e4risch\/industrielle Bereich sehr einflu\u00dfreich, sehr korrupt und es wird in diesem Wirtschaftsbereich extrem viel Gewinn gemacht.<\/li>\n<\/ul>\n\n\n\n<p> Es gibt nat\u00fcrlich auch Unterschiede zu fr\u00fcher. <\/p>\n\n\n\n<ul class=\"wp-block-list\">\n<li>Heute wird mit R\u00fcstungsgesch\u00e4ften und Exporten ins Ausland mehr Geld umgesetzt, als mit der Ausr\u00fcstung der eigenen Armee.<\/li>\n\n\n\n<li>Fr\u00fcher lag der Schwerpunkt der Aufr\u00fcstung in der Verteidigung, auch die Angriffswaffen waren im Kalten Krieg vor allem Drohpotential f\u00fcr einen Vergeltungsschlag.<\/li>\n\n\n\n<li>Heute gibt es keine wirkliche Bedrohung mehr in Europa und sowohl unsere Bundesrepublik als auch die ganze Nato sind mit ihren aktuellen Milit\u00e4rdoktrinen und mit fast der gesamten neuen Ausr\u00fcstung nicht auf Verteidigung, sondern auf weltweite Durchsetzung ihrer eigenen (wirtschaftlichen) Interessen ausgerichtet.<\/li>\n\n\n\n<li>Klassische Beispiele f\u00fcr offensive oder Angriffswaffen sind Flugzeuge und bewaffnete Drohnen, defensive, also eher Verteidigungswaffen sind dagegen Radaranlagen und Abwehrraketen.<br>Aus friedenspolitischer Sicht sind solche Angriffswaffen besonders fragw\u00fcrdig und sollten unbedingt verhindert werden. Warum? Weil sie die eigenen Verluste und die Anzahl der eigenen Toten erheblich minimieren, Tod und Verw\u00fcstung nur im gegnerischen Gebiet stattfindet und somit die Hemmschwelle einer kriegerischen Auseinandersetzung f\u00fcr die Besitzenden solcher Waffen erheblich minimiert wird.<br>Diese inzwischen in Deutschland und Europa praktizierte milit\u00e4rische Variante von Wirtschafts- und Au\u00dfenpolitik hat eigentlich gar nichts mehr mit Verteidigung zu tun. Deshalb d\u00fcrfte heute das Verteidigungsministerium auch gar nicht mehr so benannt werden. \u200bUnd ich denke, dies ist f\u00fcr uns ein wichtiger Ansatzpunkt f\u00fcr uns, um sich gegen die weitere Erh\u00f6hung des Milit\u00e4retats auszusprechen und zu engagieren. Das Tragische aber bei dieser Orientierung auf Lufthoheit \u00fcber fremde Gebiete mit geringen eigenen Verlusten ist doch, dass all die eben genannten Konflikte des neuen Jahrhunderts im Nahen und Mittleren Osten zwar durchaus auch regionale oder auch kulturelle Wurzeln haben, dass sie aber durch die Intervention der gro\u00dfen Milit\u00e4rm\u00e4chte erst zu den jetzt kaum noch l\u00f6sbaren, ewig lang w\u00e4hrenden Krisenherden mutieren, wie wir sie heute erleben, mit der nicht enden wollenden Zerst\u00f6rung und den immer gr\u00f6\u00dfer werdenden Fl\u00fcchtlingsstr\u00f6men. Und nat\u00fcrlich sind die vielen Waffenexporte, deren Ende wir ja auch mit diesem Ostermarsch einfordern, mit eine zus\u00e4tzliche, befeuernde Ursache dieser Kriege.<\/li>\n<\/ul>\n\n\n\n<p>Jetzt wollte ich an dieser Stelle eigentlich zum Schlusssatz meiner kleinen Rede kommen. Ich habe aber 4 verschiedene Abschluss-Gedanken, die mich alle bedr\u00fccken, die ich deshalb auch alle gerne euch noch mitteilen m\u00f6chte:<\/p>\n\n\n\n<ul class=\"wp-block-list\">\n<li>Waffen, die man f\u00fcr sehr, sehr viel Geld baut oder auch kauft, schreien ja regelrecht danach, auch benutzt zu werden. Man will ja doch wenigstens auch einen Vorteil, ein Benefit haben f\u00fcr sein vieles ausgegebenes Geld.<br>Von daher ist allein schon die Anschaffung von Waffen ein potentieller Ausl\u00f6ser von Kriegen. Das gilt f\u00fcr alle Arten von Waffen, von den neuen Atombomben genauso wie von Flugzeugen, Schiffen oder Drohnen.<br>Und es tut auch allen Milit\u00e4rs \u00fcberall auf der Welt weh, wenn sie die nicht-benutzten, veralteteten Waffen einfach (meist auch noch sehr teuer) entsorgen m\u00fcssen. Da wird das veraltete Zeug lieber noch billig verkauft, egal wohin. Krisengebiet \u2013 ist egal.<br>Noch eleganter machen es da die USA. Sie nutzen die vielen kriegerischen Konflikte, in die sie verwickelt sind, ihren alten Schrott dort zu \u201everbrauchen\u201c. In Vietnam wurden sie ihre alten Chemiewaffen los, in Afghanistan, im Irak, in Syrien ihre alten, im Gegensatz zu den neuen, ihre nicht zielgenauen Bomben, Und im Irak wurden auch ihre nicht mehr gebrauchten, Uran-geh\u00e4rteten und Strahlensch\u00e4den hinterlassende Gefechtsk\u00f6pfe vernutzt.<br>Das alles heizt die Konflikte aber nur an und hinterl\u00e4sst jede Menge verbrannte oder gar verseuchte Erde.<\/li>\n\n\n\n<li>Mein 2. Anliegen: Ich m\u00f6chte auch \u00fcber unsere gro\u00dfen Parteien reden, was man normalerweise nicht macht \u2013 es sind ja alle auch unsere B\u00fcndnispartner &#8211; und was auch gar nicht gern gesehen wird. Aber ich denke, wir alle hier, zumindest in gro\u00dfer Mehrheit, wir w\u00fcnschen uns doch eine neue Regierung, eine, die auch alle gro\u00dfen Probleme wie Klimaschutz, Armut, Frieden und Abr\u00fcstung, bezahlbare Mieten, soziale Sicherheit und Gerechtigkeit ernsthaft anpackt. Und es ist doch wohl uns allen klar, dass wir daf\u00fcr die SPD, die Gr\u00fcnen und die Linken brauchen. Und deshalb m\u00f6chte ich diesen Parteien dringend ans Herz legen, h\u00f6rt auf, euch gegenseitig zu bek\u00e4mpfen, sucht und st\u00e4rkt die Gemeinsamkeiten. Nur \u200bso kann man als w\u00e4hlbare Alternative wahrgenommen werden.<\/li>\n<\/ul>\n\n\n\n<p>Und meine 2. Bitte dazu: Liebe Freunde und Mitstreiter aus diesen Parteien, wann immer eure Parteien von der Opposition in die Regierung gewechselt haben, haben sie wichtige Kernelemente einer alternativen Regierung \u00fcber Bord geworfen:<\/p>\n\n\n\n<ul class=\"wp-block-list\">\n<li>1966 hat die SPD den Notstandsgesetzen zugestimmt, um in die Regierung zu kommen;<\/li>\n\n\n\n<li>der hochgelobte Helmut Schmidt hat sich Ende der 70er Jahre massiv f\u00fcr die Stationierung von atomaren Mittelstreckenraketen in unserem Land stark gemacht und damit Deutschland der Gefahr ausgesetzt, zum n\u00e4chsten m\u00f6glichen atomaren Schlachtfeld zu werden;<\/li>\n\n\n\n<li>die neue rot\/gr\u00fcne Regierung ist 1999 in den Krieg gegen Serbien gezogen und hat unter Schr\u00f6der mit seiner Agenda unser gesamtes soziales Netz zerfleddert;<\/li>\n\n\n\n<li>die Linke war mit an der Regierung in Berlin, als der Senat 20 Milliarden Euro durch Korruption und Vetternwirtschaft verursachte Schulden \u00fcbernommen hat und nicht zuletzt deshalb damals den gr\u00f6\u00dften Teil der staatlichen Sozialwohnungen in Berlin verscherbelte.<\/li>\n\n\n\n<li>Und heute scheinen die menschenfeindlichen Handelsabkommen wie TTIP oder CETA, gegen die wir vor 6 Jahren noch gemeinsam gek\u00e4mpft haben, und auch die neueren Abkommen z.B. mit S\u00fcdamerika, problemlos von Bundestag und Bundesrat abgesegnet zu werden, obwohl die Bundesl\u00e4nder mit den Gr\u00fcnen in der Regierung das verhindern k\u00f6nnten.<br>Also bitte liebe Mitstreiter aus diesen Parteien, setzt euch daf\u00fcr ein, dass mit euren Parteien solche Umfaller nicht mehr passieren, damit ihr f\u00fcr uns w\u00e4hlbar bleibt.<\/li>\n\n\n\n<li>Mein 3. geplanter Schlussgedanke ist mein Appel, hier in Fulda sich daf\u00fcr einzusetzen, dass der Hessentag, der ja bisher immer mit einer gro\u00dfen Propagandashow f\u00fcr die Bundeswehr verbunden war, dass dieser Hessentag, wenn er denn endlich nach Fulda kommt, ein friedlicher Hessentag wird, ohne die Werbung f\u00fcr das Milit\u00e4r.<br>Und damit komme ich nun wirklich zum Schluss:<\/li>\n<\/ul>\n\n\n\n<p>Ich freue mich besonders \u00fcber die jungen Leute hier auf der Ostermarsch-Kundgebung, besonders, dass sich auch FFF beteiligt.<br>Als Anfang der 80er Jahre, &#8211; es gab damals viele gesellschaftliche Bewegungen: die Gewerkschaften streikten \u00f6fters, die Auenbewegung war aktiv, Umweltschutz wurde wichtig und auch nicht zuletzt durch eine aktive Studentenschaft wurde das Thema Sexualit\u00e4t enttabuisiert \u2013 ja damals brachte auch die Friedensbewegung viele hunderttausend Menschen auf die Stra\u00dfen und damals war einer unserer oft benutzten S\u00e4tze den B\u00fcndnispartnern gegen\u00fcber:<br>\u201eOhne Frieden ist alles andere nicht erreichbar\u201c.<br>Heute w\u00fcrde ich sagen: \u201eOhne Klimaschutz gibt es keinen Frieden\u201c aber genauso gilt auch: \u201eOhne Frieden gibt es keinen Klimaschutz\u201c<br>Danke f\u00fcr das Zuh\u00f6ren<br>(Foto Walter Rammler (Ausschnitt)<\/p>\n","protected":false},"excerpt":{"rendered":"<p>Sch\u00f6nen guten Tag liebe Friedensfreunde,vielen Dank an die Organisatoren, dass ich heute hier auf der Ostermarsch- Veranstaltung einen kleinen Beitrag leisten und f\u00fcr unsere Fuldaer Attac-Gruppe sprechen darf.Ich freue mich sehr, dass ihr alle gekommen seid, und wir so zusammen ein Zeichen daf\u00fcr setzen, dass auch heute noch das Thema Frieden, der Einsatz f\u00fcr den&hellip;&nbsp;<a href=\"https:\/\/clan2.netordner.de\/?page_id=403\" class=\"\" rel=\"bookmark\">Weiterlesen &raquo;<span class=\"screen-reader-text\">Ostern 2021<\/span><\/a><\/p>\n","protected":false},"author":1,"featured_media":0,"parent":0,"menu_order":0,"comment_status":"open","ping_status":"closed","template":"","meta":{"neve_meta_sidebar":"","neve_meta_container":"","neve_meta_enable_content_width":"","neve_meta_content_width":0,"neve_meta_title_alignment":"","neve_meta_author_avatar":"","neve_post_elements_order":"","neve_meta_disable_header":"","neve_meta_disable_footer":"","neve_meta_disable_title":"","footnotes":""},"class_list":["post-403","page","type-page","status-publish","hentry"],"_links":{"self":[{"href":"https:\/\/clan2.netordner.de\/index.php?rest_route=\/wp\/v2\/pages\/403","targetHints":{"allow":["GET"]}}],"collection":[{"href":"https:\/\/clan2.netordner.de\/index.php?rest_route=\/wp\/v2\/pages"}],"about":[{"href":"https:\/\/clan2.netordner.de\/index.php?rest_route=\/wp\/v2\/types\/page"}],"author":[{"embeddable":true,"href":"https:\/\/clan2.netordner.de\/index.php?rest_route=\/wp\/v2\/users\/1"}],"replies":[{"embeddable":true,"href":"https:\/\/clan2.netordner.de\/index.php?rest_route=%2Fwp%2Fv2%2Fcomments&post=403"}],"version-history":[{"count":3,"href":"https:\/\/clan2.netordner.de\/index.php?rest_route=\/wp\/v2\/pages\/403\/revisions"}],"predecessor-version":[{"id":468,"href":"https:\/\/clan2.netordner.de\/index.php?rest_route=\/wp\/v2\/pages\/403\/revisions\/468"}],"wp:attachment":[{"href":"https:\/\/clan2.netordner.de\/index.php?rest_route=%2Fwp%2Fv2%2Fmedia&parent=403"}],"curies":[{"name":"wp","href":"https:\/\/api.w.org\/{rel}","templated":true}]}}