{"id":394,"date":"2021-12-24T10:24:27","date_gmt":"2021-12-24T09:24:27","guid":{"rendered":"https:\/\/clan2.netordner.de\/?page_id=394"},"modified":"2021-12-24T10:30:49","modified_gmt":"2021-12-24T09:30:49","slug":"weihnachten-2021","status":"publish","type":"page","link":"https:\/\/clan2.netordner.de\/?page_id=394","title":{"rendered":"Weihnachten 2021"},"content":{"rendered":"\n<figure class=\"wp-block-image size-full is-resized is-style-default\"><img loading=\"lazy\" decoding=\"async\" src=\"https:\/\/clan2.netordner.de\/wp-content\/uploads\/jl01.jpg\" alt=\"\" class=\"wp-image-399\" width=\"820\" height=\"207\" srcset=\"https:\/\/clan2.netordner.de\/wp-content\/uploads\/jl01.jpg 581w, https:\/\/clan2.netordner.de\/wp-content\/uploads\/jl01-300x76.jpg 300w\" sizes=\"auto, (max-width: 820px) 100vw, 820px\" \/><\/figure>\n\n\n\n<p>Liebe Familie,<\/p>\n\n\n\n<p>trotz allem Konsumrausch, bleibt Weihnachten doch f\u00fcr viele Mitmenschen auch ein Fest der Freude, aber auch der Besinnung. So m\u00f6chte auch mich all den vielen Anderen mit meinen W\u00fcnschen f\u00fcr euch anschlie\u00dfen. Bleibt oder werdet wieder gesund, habt Zeit f\u00fcr euch selbst und f\u00fcr andere, kommt euren W\u00fcnschen und Zielen wieder ein St\u00fcck n\u00e4her.<\/p>\n\n\n\n<p>Uns allen in Fulda geht es gut, nat\u00fcrlich macht Corona auch hier das Leben schwieriger, doch wir alle geh\u00f6ren zu denen, die nicht besonders darunter leiden m\u00fcssen. Der Hof ist (und bleibt wahrscheinlich auch noch lange) eine Baustelle. Und macht mir den Zwiespalt deutlich, Zeit und Engagement f\u00fcr das private Gl\u00fcck aufzuwenden, wenn doch auch so viel ver\u00e4ndert und korrigiert werden muss, um die Fehler und Vers\u00e4umnisse unserer Generation auszugleichen und den jungen Menschen noch eine lebenswerte Zukunft zu hinterlassen.<\/p>\n\n\n\n<p>Dabei geht es nicht nur darum, die Klimaerw\u00e4rmung zu stoppen, sondern auch die anderen falschen Entwicklungen im Auge zu behalten: &#8211; Unsere Demokratie zeigt sich fragil und gef\u00e4hrdet vor allem zum Einen durch den \u00fcbergro\u00dfen Einflu\u00df der gro\u00dfen Konzerne und dann durch das weltweite Erstarken nationalistischer und rechter Tendenzen und dem Ruf nach derm starken F\u00fchrer. (Und die Geschichte lehrt, dass Beides sich auch zusammentun kann) \u2013 Armut, Hunger und Zukunfts\u00e4ngste nehmen wieder deutlich zu bei gleichzeitig immer gr\u00f6\u00dfer werdenden Verm\u00f6gen der Reichen. &#8211; Und nicht zuletzt erleben wir wieder eine zunehmende Aufr\u00fcstung, auch von Atomwaffen, bei gleichzeitig zunehmneder Konfrontation der Gro\u00dfm\u00e4chte; f\u00fcr unseren (Welt)Frieden bedarf es wieder gr\u00f6\u00dferen Einsatz.<\/p>\n\n\n\n<p>Soweit ein kleiner Einblick in meine Gem\u00fctslage, hier aber noch eine kleine Weihnachtsgeschichte f\u00fcr euch:<\/p>\n\n\n\n<p>(Wer noch mehr Zeit findet, f\u00fcr den noch zwei gute Artikel im Anhang: <a href=\"https:\/\/clan2.netordner.de\/wp-content\/uploads\/Wer-traegt-die-Kosten.doc\">Warum eine Besteuerung der Reichen richtig und wichtig ist<\/a>, und ein Pl\u00e4doyer <a href=\"https:\/\/clan2.netordner.de\/wp-content\/uploads\/zu-einer-neuen-Sicherheitsarchitektur.doc\">f\u00fcr eine neue Sicherheitsarchitektur<\/a> statt neuem kalten Krieg)<\/p>\n\n\n\n<p><strong>Die Geschichte vom Blumentopf und dem Bier:<\/strong><\/p>\n\n\n\n<p>Ein Professor stand vor seiner Philosophie-Klasse und hatte einige Gegenst\u00e4nde vor sich. Gleich zu Beginn der Vorlesung nahm er wortlos einen gro\u00dfen Blumentopf und begann damit, diesen mit Golfb\u00e4llen zu f\u00fcllen. Die Studenten fragte er, ob der Topf nun voll sei. Diese bejahten das. Daraufhin nahm der Professor ein Beh\u00e4ltnis mit Kieselsteinen und sch\u00fcttete diese ebenfalls in den Topf, bewegte ihn sachte und die Kieselsteine rollten in die Leerr\u00e4ume zwischen den Golfb\u00e4llen. Wiederum fragte er die Studenten, ob der Topf jetzt voll sei. Sie stimmten zu. Als n\u00e4chstes nahm er eine Dose mit Sand und sch\u00fcttete auch diesen in den Topf und f\u00fcllte damit den kleinsten verbliebenen Freiraum. Wieder kam die Frage, ob der Topf nun voll sei. Wieder antworteten die Studenten \u201eJa\u201c. Daraufhin holte der Professor nun zwei Dosen Bier hervor und f\u00fcllte somit den letzten Raum zwischen den Sandk\u00f6rnern aus. Die Studenten lachten.<\/p>\n\n\n\n<p>Als das Lachen allm\u00e4hlich nachlie\u00df, sagte er: \u201eIch m\u00f6chte, dass Sie diesen Topf als die Repr\u00e4sentation ihres Lebens ansehen. Die Golfb\u00e4lle repr\u00e4sentieren die wichtigen Dinge in ihrem Leben: ihre Familie, Kinder, Freunde, Gesundheit und all die anderen Aspekte ihres Lebens, welche, falls in ihrem Leben alles verloren ginge, ihr Leben trotzdem noch erf\u00fcllend w\u00e4re.<\/p>\n\n\n\n<p>Die Kieselsteine symbolisieren die anderen Dinge wie ihre Arbeit, ihr Auto, ihr Haus.<\/p>\n\n\n\n<p>Der Sand ist alles andere, die Kleinigkeiten. Falls sie den Sand zuerst in den Topf geben\u201c fuhr er fort, \u201ehat es weder Platz f\u00fcr die Kieselsteine noch f\u00fcr die Golfb\u00e4lle. Dasselbe gilt auch f\u00fcr ihr Leben.<\/p>\n\n\n\n<p>Wenn sie ihre Energie in Kleinigkeiten investieren, werden sie nie Platz haben f\u00fcr die wichtigen Dinge. Achten sie auf die Dinge, wlche ihr Gl\u00fcck gef\u00e4hrden, spielen sie mit den Kindern, pflegen sie die Partnerschaft, nehmen sie sich Zeit f\u00fcr ihre Gesundheit \u2013 es wird dann immer noch Zeit bleiben, Pflichten zu erledigen und andere T\u00e4tigkeiten zu verrichten. Achten sie auf die Golfb\u00e4lle, die Dinge, die wirklich wichtig sind. Der Rest ist nur Sand.\u201c<\/p>\n\n\n\n<p>Eine Studentin hob die Hand und wollte wissen, was das Bier repr\u00e4sentieren soll. Der Professor schmunzelte: \u201eIch bin froh, dass sie das fragen. Es ist daf\u00fcr da, ihnen zu zeigen, dass egal wie schwierig ihr Leben auch sein mag, es immer noch Platz hat f\u00fcr ein oder zwei Bierchen.\u201c<\/p>\n","protected":false},"excerpt":{"rendered":"<p>Liebe Familie, trotz allem Konsumrausch, bleibt Weihnachten doch f\u00fcr viele Mitmenschen auch ein Fest der Freude, aber auch der Besinnung. So m\u00f6chte auch mich all den vielen Anderen mit meinen W\u00fcnschen f\u00fcr euch anschlie\u00dfen. Bleibt oder werdet wieder gesund, habt Zeit f\u00fcr euch selbst und f\u00fcr andere, kommt euren W\u00fcnschen und Zielen wieder ein St\u00fcck&hellip;&nbsp;<a href=\"https:\/\/clan2.netordner.de\/?page_id=394\" class=\"\" rel=\"bookmark\">Weiterlesen &raquo;<span class=\"screen-reader-text\">Weihnachten 2021<\/span><\/a><\/p>\n","protected":false},"author":1,"featured_media":0,"parent":0,"menu_order":0,"comment_status":"open","ping_status":"closed","template":"","meta":{"neve_meta_sidebar":"","neve_meta_container":"","neve_meta_enable_content_width":"","neve_meta_content_width":0,"neve_meta_title_alignment":"","neve_meta_author_avatar":"","neve_post_elements_order":"","neve_meta_disable_header":"","neve_meta_disable_footer":"","neve_meta_disable_title":"","footnotes":""},"class_list":["post-394","page","type-page","status-publish","hentry"],"_links":{"self":[{"href":"https:\/\/clan2.netordner.de\/index.php?rest_route=\/wp\/v2\/pages\/394","targetHints":{"allow":["GET"]}}],"collection":[{"href":"https:\/\/clan2.netordner.de\/index.php?rest_route=\/wp\/v2\/pages"}],"about":[{"href":"https:\/\/clan2.netordner.de\/index.php?rest_route=\/wp\/v2\/types\/page"}],"author":[{"embeddable":true,"href":"https:\/\/clan2.netordner.de\/index.php?rest_route=\/wp\/v2\/users\/1"}],"replies":[{"embeddable":true,"href":"https:\/\/clan2.netordner.de\/index.php?rest_route=%2Fwp%2Fv2%2Fcomments&post=394"}],"version-history":[{"count":3,"href":"https:\/\/clan2.netordner.de\/index.php?rest_route=\/wp\/v2\/pages\/394\/revisions"}],"predecessor-version":[{"id":402,"href":"https:\/\/clan2.netordner.de\/index.php?rest_route=\/wp\/v2\/pages\/394\/revisions\/402"}],"wp:attachment":[{"href":"https:\/\/clan2.netordner.de\/index.php?rest_route=%2Fwp%2Fv2%2Fmedia&parent=394"}],"curies":[{"name":"wp","href":"https:\/\/api.w.org\/{rel}","templated":true}]}}