{"id":302,"date":"2021-05-27T09:59:38","date_gmt":"2021-05-27T07:59:38","guid":{"rendered":"https:\/\/clan2.netordner.de\/?page_id=302"},"modified":"2024-02-05T18:31:30","modified_gmt":"2024-02-05T17:31:30","slug":"verschwoerung-2","status":"publish","type":"page","link":"https:\/\/clan2.netordner.de\/?page_id=302","title":{"rendered":"Verschw\u00f6rung"},"content":{"rendered":"\n<p>Diese Oberseite l\u00f6st die bisher einzige Unterseite &#8222;Mit allen Wasser gewaschen&#8220; zum Thema ab.<br>Grund: Bei der bisherigen Seite ging es schon mal wenigstens um das Verhalten von Verschw\u00f6rern.<br>Es geh\u00f6rt mehr dazu, daher diese Oberseite mit Links zu den verschiedensten Verschw\u00f6rungen im Netz (Meldungen), zu verschiedenen Details dazu (Faktenchecker) und zu unseren Familienmeinungen (Meinungen).<br>Wenn ihr nicht selbst an dieser Seite arbeitet, dann per Kommentar darum bitten. (Hans 27.5.21)<\/p>\n\n\n\n<hr class=\"wp-block-separator has-text-color has-headings-color has-css-opacity has-headings-background-color has-background is-style-wide\"\/>\n\n\n\n<h4 class=\"wp-block-heading\" style=\"font-size:20px\">Meldungen \/ Links<\/h4>\n\n\n\n<p>Eine PR-Agentur bietet Influencern auf der ganzen Welt Geld, damit sie Botschaften mit irref\u00fchrenden Informationen \u00fcber Impfungen verbreiten. 26.5.21.Tagesschau-Meldung <a rel=\"noreferrer noopener\" href=\"https:\/\/www.tagesschau.de\/investigativ\/kontraste\/pfizer-impfstoff-influencer-101.html\" target=\"_blank\" data-type=\"URL\" data-id=\"https:\/\/www.tagesschau.de\/investigativ\/kontraste\/pfizer-impfstoff-influencer-101.html\">https:\/\/www.tagesschau.de\/investigativ\/kontraste\/pfizer-impfstoff-influencer-101.html<\/a><\/p>\n\n\n\n<hr class=\"wp-block-separator has-text-color has-headings-color has-css-opacity has-headings-background-color has-background is-style-wide\"\/>\n\n\n\n<h4 class=\"wp-block-heading\" style=\"font-size:20px\">Faktenchecker \/ Links<\/h4>\n\n\n\n<p>Ressort Investigativ der Tagesschau <a rel=\"noreferrer noopener\" href=\"https:\/\/www.tagesschau.de\/investigativ\/\" target=\"_blank\">https:\/\/www.tagesschau.de\/investigativ\/<\/a><\/p>\n\n\n\n<hr class=\"wp-block-separator has-text-color has-headings-color has-css-opacity has-headings-background-color has-background is-style-wide\"\/>\n\n\n\n<h4 class=\"wp-block-heading\" style=\"font-size:20px\">Meinung (Wir)<\/h4>\n\n\n\n<p>Wieso versto\u00dfen Wissenschaftler gegen ihr Gewissen? <a href=\"https:\/\/clan2.netordner.de\/?page_id=270\" data-type=\"page\" data-id=\"270\">Mit allen Wassern gewaschen<\/a>. Artikel, kommentiert von Mathias und Hans<\/p>\n\n\n\n<p>Anneliese Scholz: &#8222;Ich muss nicht aus jeder Pf\u00fctze trinken, um zu wissen, dass es schmutziges Wasser gibt.&#8220;<br>Hier: Hans findet schmutziges Wasser (seine Verschw\u00f6rungsunterseite in <a href=\"https:\/\/clan2.netordner.de\/?page_id=310\" data-type=\"page\" data-id=\"310\">Keine Pandemie<\/a>) und Thomas hat zuvor wegen Corona gefiltert (keine. Coronaunterseite) in seinen auf &#8222;Keine Pandemie&#8220; verlinkten Mails.<\/p>\n\n\n\n<hr class=\"wp-block-separator has-text-color has-headings-color has-css-opacity has-headings-background-color has-background is-style-wide\"\/>\n\n\n\n<h4 class=\"wp-block-heading\" style=\"font-size:20px\">Dein Link<\/h4>\n","protected":false},"excerpt":{"rendered":"<p>Diese Oberseite l\u00f6st die bisher einzige Unterseite &#8222;Mit allen Wasser gewaschen&#8220; zum Thema ab.Grund: Bei der bisherigen Seite ging es schon mal wenigstens um das Verhalten von Verschw\u00f6rern.Es geh\u00f6rt mehr dazu, daher diese Oberseite mit Links zu den verschiedensten Verschw\u00f6rungen im Netz (Meldungen), zu verschiedenen Details dazu (Faktenchecker) und zu unseren Familienmeinungen (Meinungen).Wenn ihr nicht&hellip;&nbsp;<a href=\"https:\/\/clan2.netordner.de\/?page_id=302\" class=\"\" rel=\"bookmark\">Weiterlesen &raquo;<span class=\"screen-reader-text\">Verschw\u00f6rung<\/span><\/a><\/p>\n","protected":false},"author":1,"featured_media":0,"parent":0,"menu_order":0,"comment_status":"open","ping_status":"closed","template":"","meta":{"neve_meta_sidebar":"","neve_meta_container":"","neve_meta_enable_content_width":"","neve_meta_content_width":0,"neve_meta_title_alignment":"","neve_meta_author_avatar":"","neve_post_elements_order":"","neve_meta_disable_header":"","neve_meta_disable_footer":"","neve_meta_disable_title":"","footnotes":""},"class_list":["post-302","page","type-page","status-publish","hentry"],"_links":{"self":[{"href":"https:\/\/clan2.netordner.de\/index.php?rest_route=\/wp\/v2\/pages\/302","targetHints":{"allow":["GET"]}}],"collection":[{"href":"https:\/\/clan2.netordner.de\/index.php?rest_route=\/wp\/v2\/pages"}],"about":[{"href":"https:\/\/clan2.netordner.de\/index.php?rest_route=\/wp\/v2\/types\/page"}],"author":[{"embeddable":true,"href":"https:\/\/clan2.netordner.de\/index.php?rest_route=\/wp\/v2\/users\/1"}],"replies":[{"embeddable":true,"href":"https:\/\/clan2.netordner.de\/index.php?rest_route=%2Fwp%2Fv2%2Fcomments&post=302"}],"version-history":[{"count":9,"href":"https:\/\/clan2.netordner.de\/index.php?rest_route=\/wp\/v2\/pages\/302\/revisions"}],"predecessor-version":[{"id":521,"href":"https:\/\/clan2.netordner.de\/index.php?rest_route=\/wp\/v2\/pages\/302\/revisions\/521"}],"wp:attachment":[{"href":"https:\/\/clan2.netordner.de\/index.php?rest_route=%2Fwp%2Fv2%2Fmedia&parent=302"}],"curies":[{"name":"wp","href":"https:\/\/api.w.org\/{rel}","templated":true}]}}