{"id":231,"date":"2021-03-11T21:40:51","date_gmt":"2021-03-11T20:40:51","guid":{"rendered":"https:\/\/clan2.netordner.de\/?page_id=231"},"modified":"2023-03-04T11:18:27","modified_gmt":"2023-03-04T10:18:27","slug":"bewaesserung","status":"publish","type":"page","link":"https:\/\/clan2.netordner.de\/?page_id=231","title":{"rendered":"Bew\u00e4sserung"},"content":{"rendered":"\n<p>\u00dcber den Ozeanen verdunstet das Wasser und regnet leider dort wieder ab. Weil leider in den D\u00fcrregebieten die trockenen Regionen richtige Dunstglocken ausbilden, die daf\u00fcr sorgen dass der Regen \u00fcber den Meeren niedergeht.<\/p>\n\n\n\n<p>Ein Beispiel daf\u00fcr ist das &#8222;Irrsinnig stabile Hochdruckgebiet&#8220; bei Kalifornien, welches die Feuchtigkeit vom Meer dort seit Jahren abh\u00e4lt.<\/p>\n\n\n\n<p>Wird diese Glocke mal durchbrochen, dann meistens gleich so stark, das wie 2019 in Mosambik das gesamte Land abs\u00e4uft\u2026 Sprich es kommt zu Starkregen und \u00dcberschwemmungen.<\/p>\n\n\n\n<p>Wir brauchen daher mehr K\u00fchlung und Feuchtigkeit \u00fcber Land, so wie es fr\u00fcher von den W\u00e4ldern geliefert wurde.<\/p>\n\n\n\n<p>Und wie das gehen k\u00f6nnte steht im <a rel=\"noreferrer noopener\" href=\"https:\/\/www.tagesspiegel.de\/wissen\/innovativer-klimaschutz-ein-netz-fuers-klima\/24370646.html\" data-type=\"URL\" data-id=\"https:\/\/www.tagesspiegel.de\/wissen\/innovativer-klimaschutz-ein-netz-fuers-klima\/24370646.html\" target=\"_blank\">Tagesspiegel-Interview<\/a> mit einem Erfinder aus Berlin-Lichtenrade. Aus den Kommentaren zum Artikel stammt auch obiger Inhalt.<\/p>\n","protected":false},"excerpt":{"rendered":"<p>\u00dcber den Ozeanen verdunstet das Wasser und regnet leider dort wieder ab. Weil leider in den D\u00fcrregebieten die trockenen Regionen richtige Dunstglocken ausbilden, die daf\u00fcr sorgen dass der Regen \u00fcber den Meeren niedergeht. Ein Beispiel daf\u00fcr ist das &#8222;Irrsinnig stabile Hochdruckgebiet&#8220; bei Kalifornien, welches die Feuchtigkeit vom Meer dort seit Jahren abh\u00e4lt. Wird diese Glocke&hellip;&nbsp;<a href=\"https:\/\/clan2.netordner.de\/?page_id=231\" class=\"\" rel=\"bookmark\">Weiterlesen &raquo;<span class=\"screen-reader-text\">Bew\u00e4sserung<\/span><\/a><\/p>\n","protected":false},"author":1,"featured_media":0,"parent":0,"menu_order":0,"comment_status":"open","ping_status":"closed","template":"","meta":{"neve_meta_sidebar":"","neve_meta_container":"","neve_meta_enable_content_width":"","neve_meta_content_width":0,"neve_meta_title_alignment":"","neve_meta_author_avatar":"","neve_post_elements_order":"","neve_meta_disable_header":"","neve_meta_disable_footer":"","neve_meta_disable_title":"","footnotes":""},"class_list":["post-231","page","type-page","status-publish","hentry"],"_links":{"self":[{"href":"https:\/\/clan2.netordner.de\/index.php?rest_route=\/wp\/v2\/pages\/231","targetHints":{"allow":["GET"]}}],"collection":[{"href":"https:\/\/clan2.netordner.de\/index.php?rest_route=\/wp\/v2\/pages"}],"about":[{"href":"https:\/\/clan2.netordner.de\/index.php?rest_route=\/wp\/v2\/types\/page"}],"author":[{"embeddable":true,"href":"https:\/\/clan2.netordner.de\/index.php?rest_route=\/wp\/v2\/users\/1"}],"replies":[{"embeddable":true,"href":"https:\/\/clan2.netordner.de\/index.php?rest_route=%2Fwp%2Fv2%2Fcomments&post=231"}],"version-history":[{"count":1,"href":"https:\/\/clan2.netordner.de\/index.php?rest_route=\/wp\/v2\/pages\/231\/revisions"}],"predecessor-version":[{"id":233,"href":"https:\/\/clan2.netordner.de\/index.php?rest_route=\/wp\/v2\/pages\/231\/revisions\/233"}],"wp:attachment":[{"href":"https:\/\/clan2.netordner.de\/index.php?rest_route=%2Fwp%2Fv2%2Fmedia&parent=231"}],"curies":[{"name":"wp","href":"https:\/\/api.w.org\/{rel}","templated":true}]}}