{"id":211,"date":"2021-03-09T10:33:40","date_gmt":"2021-03-09T09:33:40","guid":{"rendered":"http:\/\/clan2.netordner.de\/?page_id=211"},"modified":"2023-03-04T11:34:12","modified_gmt":"2023-03-04T10:34:12","slug":"umwelt","status":"publish","type":"page","link":"https:\/\/clan2.netordner.de\/?page_id=211","title":{"rendered":"Umwelt"},"content":{"rendered":"\n<p>Klima war die erste Seite und einzige zum Thema bis heute neben Corona, Datenverwertung, Digitalisierung und Gendern. Jetzt r\u00fcckt sie mit Josefs A49-Seite unter diese neue Zusammenfassung Umwelt.<br>Umwelt als Oberseite kopiert Corona und vereinfacht wie diese das Hauptmen\u00fc.<\/p>\n\n\n\n<hr class=\"wp-block-separator has-text-color has-black-color has-css-opacity has-black-background-color has-background is-style-wide\"\/>\n\n\n\n<p>Wer formuliert den teaser hier, um zum Anklicken zu locken f\u00fcr <a href=\"https:\/\/clan2.netordner.de\/?page_id=214\" data-type=\"page\" data-id=\"214\">A49<\/a>?<\/p>\n\n\n\n<hr class=\"wp-block-separator has-css-opacity is-style-wide\"\/>\n\n\n\n<p>Oder diese Einf\u00fchrung zu Kordulas <a href=\"https:\/\/clan2.netordner.de\/?page_id=101\" data-type=\"page\" data-id=\"101\">Klima-Video<\/a>?<\/p>\n\n\n\n<hr class=\"wp-block-separator has-css-opacity is-style-wide\"\/>\n\n\n\n<p>D\u00fcrregebiete mit Luftfeuchte verwandeln ginge mit PV-betriebener Meerwasserentsalzung. Eine <a href=\"https:\/\/clan2.netordner.de\/?page_id=231\" data-type=\"page\" data-id=\"231\">Innovation<\/a> <\/p>\n","protected":false},"excerpt":{"rendered":"<p>Klima war die erste Seite und einzige zum Thema bis heute neben Corona, Datenverwertung, Digitalisierung und Gendern. Jetzt r\u00fcckt sie mit Josefs A49-Seite unter diese neue Zusammenfassung Umwelt.Umwelt als Oberseite kopiert Corona und vereinfacht wie diese das Hauptmen\u00fc. Wer formuliert den teaser hier, um zum Anklicken zu locken f\u00fcr A49? Oder diese Einf\u00fchrung zu Kordulas&hellip;&nbsp;<a href=\"https:\/\/clan2.netordner.de\/?page_id=211\" class=\"\" rel=\"bookmark\">Weiterlesen &raquo;<span class=\"screen-reader-text\">Umwelt<\/span><\/a><\/p>\n","protected":false},"author":1,"featured_media":0,"parent":0,"menu_order":0,"comment_status":"open","ping_status":"closed","template":"","meta":{"neve_meta_sidebar":"","neve_meta_container":"","neve_meta_enable_content_width":"","neve_meta_content_width":0,"neve_meta_title_alignment":"","neve_meta_author_avatar":"","neve_post_elements_order":"","neve_meta_disable_header":"","neve_meta_disable_footer":"","neve_meta_disable_title":"","footnotes":""},"class_list":["post-211","page","type-page","status-publish","hentry"],"_links":{"self":[{"href":"https:\/\/clan2.netordner.de\/index.php?rest_route=\/wp\/v2\/pages\/211","targetHints":{"allow":["GET"]}}],"collection":[{"href":"https:\/\/clan2.netordner.de\/index.php?rest_route=\/wp\/v2\/pages"}],"about":[{"href":"https:\/\/clan2.netordner.de\/index.php?rest_route=\/wp\/v2\/types\/page"}],"author":[{"embeddable":true,"href":"https:\/\/clan2.netordner.de\/index.php?rest_route=\/wp\/v2\/users\/1"}],"replies":[{"embeddable":true,"href":"https:\/\/clan2.netordner.de\/index.php?rest_route=%2Fwp%2Fv2%2Fcomments&post=211"}],"version-history":[{"count":4,"href":"https:\/\/clan2.netordner.de\/index.php?rest_route=\/wp\/v2\/pages\/211\/revisions"}],"predecessor-version":[{"id":469,"href":"https:\/\/clan2.netordner.de\/index.php?rest_route=\/wp\/v2\/pages\/211\/revisions\/469"}],"wp:attachment":[{"href":"https:\/\/clan2.netordner.de\/index.php?rest_route=%2Fwp%2Fv2%2Fmedia&parent=211"}],"curies":[{"name":"wp","href":"https:\/\/api.w.org\/{rel}","templated":true}]}}