{"id":2,"date":"2021-01-28T18:08:24","date_gmt":"2021-01-28T17:08:24","guid":{"rendered":"http:\/\/clan2.netordner.de\/?page_id=2"},"modified":"2021-02-01T21:57:40","modified_gmt":"2021-02-01T20:57:40","slug":"bedienung","status":"publish","type":"page","link":"https:\/\/clan2.netordner.de\/?page_id=2","title":{"rendered":"Bedienung"},"content":{"rendered":"\n<figure class=\"wp-block-image size-large\"><img loading=\"lazy\" decoding=\"async\" width=\"1008\" height=\"447\" src=\"https:\/\/clan2.netordner.de\/wp-content\/uploads\/Liegst_mir_im_Herzen1.png\" alt=\"\" class=\"wp-image-97\" srcset=\"https:\/\/clan2.netordner.de\/wp-content\/uploads\/Liegst_mir_im_Herzen1.png 1008w, https:\/\/clan2.netordner.de\/wp-content\/uploads\/Liegst_mir_im_Herzen1-300x133.png 300w, https:\/\/clan2.netordner.de\/wp-content\/uploads\/Liegst_mir_im_Herzen1-768x341.png 768w\" sizes=\"auto, (max-width: 1008px) 100vw, 1008px\" \/><\/figure>\n\n\n\n<p class=\"has-black-color has-text-color has-medium-font-size\">Demn\u00e4chst gilt auch hier das Passwort und der Nutzername wie gehabt. B.a.W. jedoch ohne.<\/p>\n\n\n\n<p class=\"has-black-color has-text-color has-medium-font-size\">Jeder Besucher kann \u00fcberall kommentieren und falls dabei formal ein Artikel oder Beitrag entsteht, setzen die admins diesen Kommentar in einer Seite oder einen Blogbeitrag um.<\/p>\n\n\n\n<p class=\"has-black-color has-text-color has-medium-font-size\">Admins richten Seiten mit Diskussionsstr\u00e4ngen ein, verwalten oder \u00e4ndern diese.<\/p>\n\n\n\n<p class=\"has-black-color has-text-color has-medium-font-size\">Hierbei werden E-Mails von Gru\u00dfformeln befreit und in der zum Thema geh\u00f6renden Seite unten in der Reihenfolge des Eingangs eingef\u00fcgt.<\/p>\n\n\n\n<p class=\"has-black-color has-text-color has-medium-font-size\">Training von admins \u00fcbernimmt gerne Hans unter Verwendung von Anydesk bei sich zu Hause auf altem Notebook mit Win7 bei gleichzeitigem Telefonat. <\/p>\n\n\n\n<p class=\"has-black-color has-text-color has-medium-font-size\">Alles steht zur Disposition, bis sich das eingeschliffen hat.<\/p>\n\n\n\n<p class=\"has-black-color has-text-color has-medium-font-size\">Wenn bei den Inhalten das pers\u00f6nliche raus bleibt, dann kann das hier ruhig \u00f6ffentlich bleiben. In welcher Form, z.B. mit den Namen Thomas, Kordula, Josef, ist Sache einer baldigen L\u00f6sung.<\/p>\n\n\n\n<p class=\"has-black-color has-text-color has-medium-font-size\">Sch\u00f6n w\u00e4re eine leere Mail ohne Inhalt und ohne Anhang mit dem Betreff &#8222;Bin dabei&#8220;. Alternativ mit dem Text &#8222;Hol mich rein&#8220;. Bei der ersten Version geht die Absender-E-Mailadresse in den Benachrichtigungsverteiler, bei der zweiten kommt zus\u00e4tzlich eine Einladungsmail f\u00fcr die Aufnahme als admin.<\/p>\n","protected":false},"excerpt":{"rendered":"<p>Demn\u00e4chst gilt auch hier das Passwort und der Nutzername wie gehabt. B.a.W. jedoch ohne. Jeder Besucher kann \u00fcberall kommentieren und falls dabei formal ein Artikel oder Beitrag entsteht, setzen die admins diesen Kommentar in einer Seite oder einen Blogbeitrag um. Admins richten Seiten mit Diskussionsstr\u00e4ngen ein, verwalten oder \u00e4ndern diese. Hierbei werden E-Mails von Gru\u00dfformeln&hellip;&nbsp;<a href=\"https:\/\/clan2.netordner.de\/?page_id=2\" class=\"\" rel=\"bookmark\">Weiterlesen &raquo;<span class=\"screen-reader-text\">Bedienung<\/span><\/a><\/p>\n","protected":false},"author":1,"featured_media":0,"parent":0,"menu_order":0,"comment_status":"open","ping_status":"open","template":"template-full-width.php","meta":{"neve_meta_sidebar":"","neve_meta_container":"","neve_meta_enable_content_width":"","neve_meta_content_width":0,"neve_meta_title_alignment":"","neve_meta_author_avatar":"","neve_post_elements_order":"","neve_meta_disable_header":"","neve_meta_disable_footer":"","neve_meta_disable_title":"","footnotes":""},"class_list":["post-2","page","type-page","status-publish","hentry"],"_links":{"self":[{"href":"https:\/\/clan2.netordner.de\/index.php?rest_route=\/wp\/v2\/pages\/2","targetHints":{"allow":["GET"]}}],"collection":[{"href":"https:\/\/clan2.netordner.de\/index.php?rest_route=\/wp\/v2\/pages"}],"about":[{"href":"https:\/\/clan2.netordner.de\/index.php?rest_route=\/wp\/v2\/types\/page"}],"author":[{"embeddable":true,"href":"https:\/\/clan2.netordner.de\/index.php?rest_route=\/wp\/v2\/users\/1"}],"replies":[{"embeddable":true,"href":"https:\/\/clan2.netordner.de\/index.php?rest_route=%2Fwp%2Fv2%2Fcomments&post=2"}],"version-history":[{"count":9,"href":"https:\/\/clan2.netordner.de\/index.php?rest_route=\/wp\/v2\/pages\/2\/revisions"}],"predecessor-version":[{"id":153,"href":"https:\/\/clan2.netordner.de\/index.php?rest_route=\/wp\/v2\/pages\/2\/revisions\/153"}],"wp:attachment":[{"href":"https:\/\/clan2.netordner.de\/index.php?rest_route=%2Fwp%2Fv2%2Fmedia&parent=2"}],"curies":[{"name":"wp","href":"https:\/\/api.w.org\/{rel}","templated":true}]}}