{"id":188,"date":"2021-03-06T21:01:05","date_gmt":"2021-03-06T20:01:05","guid":{"rendered":"http:\/\/clan2.netordner.de\/?page_id=188"},"modified":"2024-01-09T17:59:15","modified_gmt":"2024-01-09T16:59:15","slug":"gendern","status":"publish","type":"page","link":"https:\/\/clan2.netordner.de\/?page_id=188","title":{"rendered":"Gendern"},"content":{"rendered":"\n<p class=\"has-black-color has-text-color has-medium-font-size\"><strong>Gesendet:<\/strong>&nbsp;Sonnabend, 6. M\u00e4rz 2021 um 9:03 Uhr<br><strong>Von:<\/strong> Thomas <strong>Gendersprache<\/strong><\/p>\n\n\n\n<p class=\"has-black-color has-text-color has-medium-font-size\">Eben, zu einer Zeit, bei der ich vor knapp 40 Jahren als junger Vater vollauf mit Kleinkindern besch\u00e4ftigt war (kleiner Piekser) flammte im FamilienChat zwischen den jungen M\u00fcttern und Clemens die Diskussion um die Gendersprache auf . <br>Also weder wurde der von Josef empfohlene Freitagartikel noch mein Blog unbedachtes.de gelesen. Seine Schl\u00fcsselaussagen sind \u201cJeder Mensch ist so unfassbar komplex \u2013 warum sollte allein Geschlechtlichkeit in der Sprache abgebildet werden?\u201d und \u201cMit dem Sprachdiktat wird real existierendes Unrecht nur verdeckt. Die progressiven Kr\u00e4fte werden das erkennen.\u201d. Ich h\u00e4nge den Artikel <a rel=\"noreferrer noopener\" target=\"_blank\" href=\"https:\/\/www.freitag.de\/autoren\/der-freitag\/jenseits-von-geschlecht\">https:\/\/www.freitag.de\/autoren\/der-freitag\/jenseits-von-geschlecht<\/a> als <a rel=\"noreferrer noopener\" href=\"https:\/\/clan2.netordner.de\/wp-content\/uploads\/Jenseits-von-Geschlecht.pdf\" target=\"_blank\">pdf-Datei<\/a> und einige weitere <a rel=\"noreferrer noopener\" href=\"https:\/\/clan2.netordner.de\/wp-content\/uploads\/Martenstein_Naturmilch-statt-Muttermilch.pdf\" target=\"_blank\">Martenstein<\/a>, <a rel=\"noreferrer noopener\" href=\"https:\/\/clan2.netordner.de\/wp-content\/uploads\/Mehr-als-ein-paar-Sternchen.pdf\" data-type=\"URL\" data-id=\"https:\/\/clan2.netordner.de\/wp-content\/uploads\/Mehr-als-ein-paar-Sternchen.pdf\" target=\"_blank\">Rennefranz<\/a> zum Thema an.<br>Dass ich gegen Gewalt und Benachteiligung von Frauen und auch nichtbin\u00e4rer Menschen bin, steht au\u00dfer Frage. Deshalb habe ich auch bis zum o.g. Artikel gendern mitgemacht, wenn es nicht zur Textverst\u00fcmmelung f\u00fchrte.<br>Als Beleg zitiere ich den Eingangssatz aus der Satzung unseres Berufsverbandes Berliner Diabetologen, den ich vor Jahren gr\u00fcndete.<\/p>\n\n\n\n<p class=\"has-black-color has-text-color has-medium-font-size\">(<em>In der nachfolgenden Satzung wurde aus Gr\u00fcnden der Leserlichkeit die weibliche Form gew\u00e4hlt, auch wenn M\u00e4nner &nbsp;und Diverse gleicherma\u00dfen gemeint sind.)<\/em><\/p>\n\n\n\n<p class=\"has-black-color has-text-color has-medium-font-size\">Dass &#8222;Der Frauenarzt&#8220; besser &#8222;Die Frauen\u00e4rztin&#8220; hei\u00dfen sollte, steht au\u00dfer Frage.<br>Es gibt einige sinnvolle Gelegenheiten in Sprache und Text, wo man das Weibliche betonen kann, aber \u00fcberwiegend f\u00fchren die sprachlichen Verrenkungen zu einer deutlichen Verschlechterung der Lesbarkeit, wenn sie denn nicht sowieso unlogisch sind.<br><br>An der Tatsache, dass im Kulturbereich und in den Medien Gendersprache und queere Menschen so einen breiten Raum einnehmen, zeigt sich, wie abgehoben von den echten Problemen der Menschheit unsere progressiven Parteien SPD, Gr\u00fcne, Linke agieren. Hier arbeitet sich die b\u00fcrgerlich gewordene akademische Mittelklasse an Nischenproblemen ab, statt mit der selben Energie sich gegen Zerst\u00f6rung unserer Lebensr\u00e4ume, gegen das Krieg auf fremden Territorien f\u00fchren entgegen dem V\u00f6lkerrecht und der wachsenden Ausbeutung (auch Vergiftung) und Verarmung vieler Menschen auf der Erde und mit Taten auch Frauenrechte verwirklichen, nicht mit Scheindebatten.<br>Lieben Gru\u00df<br>Thomas<br>P.S. Ich finde einige Kolumnen nicht, die treffend die Probleme benennen, auch nicht <a href=\"https:\/\/www.berliner-zeitung.de\/kultur-vergnuegen\/der-duden-schafft-sich-ab-li.131587\" target=\"_blank\" rel=\"noreferrer noopener\">https:\/\/www.berliner-zeitung.de\/kultur-vergnuegen\/der-duden-schafft-sich-ab-li.131587<\/a>. (No problem, von Hans eingef\u00fcgt, die 2 pdfs oben und das <a href=\"https:\/\/clan2.netordner.de\/wp-content\/uploads\/Kolumne-von-Goetz-Aly.pdf\" target=\"_blank\" rel=\"noreferrer noopener\">hier<\/a>, bitte sch\u00f6n) Aus der Erinnerung zu Studierenden: Wenn ich zuhause eine Betriebsanleitung studiere, bin ich studierend, aber dennoch kein Student u.\u00e4. <\/p>\n","protected":false},"excerpt":{"rendered":"<p>Gesendet:&nbsp;Sonnabend, 6. M\u00e4rz 2021 um 9:03 UhrVon: Thomas Gendersprache Eben, zu einer Zeit, bei der ich vor knapp 40 Jahren als junger Vater vollauf mit Kleinkindern besch\u00e4ftigt war (kleiner Piekser) flammte im FamilienChat zwischen den jungen M\u00fcttern und Clemens die Diskussion um die Gendersprache auf . Also weder wurde der von Josef empfohlene Freitagartikel noch&hellip;&nbsp;<a href=\"https:\/\/clan2.netordner.de\/?page_id=188\" class=\"\" rel=\"bookmark\">Weiterlesen &raquo;<span class=\"screen-reader-text\">Gendern<\/span><\/a><\/p>\n","protected":false},"author":1,"featured_media":0,"parent":0,"menu_order":0,"comment_status":"open","ping_status":"closed","template":"","meta":{"neve_meta_sidebar":"","neve_meta_container":"","neve_meta_enable_content_width":"","neve_meta_content_width":0,"neve_meta_title_alignment":"","neve_meta_author_avatar":"","neve_post_elements_order":"","neve_meta_disable_header":"","neve_meta_disable_footer":"","neve_meta_disable_title":"","footnotes":""},"class_list":["post-188","page","type-page","status-publish","hentry"],"_links":{"self":[{"href":"https:\/\/clan2.netordner.de\/index.php?rest_route=\/wp\/v2\/pages\/188","targetHints":{"allow":["GET"]}}],"collection":[{"href":"https:\/\/clan2.netordner.de\/index.php?rest_route=\/wp\/v2\/pages"}],"about":[{"href":"https:\/\/clan2.netordner.de\/index.php?rest_route=\/wp\/v2\/types\/page"}],"author":[{"embeddable":true,"href":"https:\/\/clan2.netordner.de\/index.php?rest_route=\/wp\/v2\/users\/1"}],"replies":[{"embeddable":true,"href":"https:\/\/clan2.netordner.de\/index.php?rest_route=%2Fwp%2Fv2%2Fcomments&post=188"}],"version-history":[{"count":10,"href":"https:\/\/clan2.netordner.de\/index.php?rest_route=\/wp\/v2\/pages\/188\/revisions"}],"predecessor-version":[{"id":501,"href":"https:\/\/clan2.netordner.de\/index.php?rest_route=\/wp\/v2\/pages\/188\/revisions\/501"}],"wp:attachment":[{"href":"https:\/\/clan2.netordner.de\/index.php?rest_route=%2Fwp%2Fv2%2Fmedia&parent=188"}],"curies":[{"name":"wp","href":"https:\/\/api.w.org\/{rel}","templated":true}]}}