{"id":167,"date":"2021-02-02T13:32:17","date_gmt":"2021-02-02T12:32:17","guid":{"rendered":"http:\/\/clan2.netordner.de\/?page_id=167"},"modified":"2021-03-09T10:38:08","modified_gmt":"2021-03-09T09:38:08","slug":"corona","status":"publish","type":"page","link":"https:\/\/clan2.netordner.de\/?page_id=167","title":{"rendered":"Corona"},"content":{"rendered":"\n<p class=\"has-black-color has-text-color has-medium-font-size\">Jetzt gibt es schon drei Seiten, die mehr oder weniger mit Covid-19 zu tun haben.<br>Daher diese Seite CORONA mit drei <em>teasern<\/em> und den Links auf die oben genannten Seiten als Unterseiten hierzu. Unterseiten ergeben ein \u00fcbersichtlicheres Hauptmen\u00fc.<\/p>\n\n\n\n<hr class=\"wp-block-separator is-style-wide\"\/>\n\n\n\n<p class=\"has-black-color has-text-color has-medium-font-size\">Wer formuliert den teaser hier, um zum Anklicken zu locken f\u00fcr <a href=\"https:\/\/clan2.netordner.de\/?page_id=74\" data-type=\"page\" data-id=\"74\">Blackrock\/Corona<\/a> ?<\/p>\n\n\n\n<hr class=\"wp-block-separator is-style-wide\"\/>\n\n\n\n<p class=\"has-black-color has-text-color has-medium-font-size\">Oder diese Einf\u00fchrung zu <a href=\"https:\/\/clan2.netordner.de\/?page_id=70\" data-type=\"page\" data-id=\"70\">Shutdown<\/a>?<\/p>\n\n\n\n<hr class=\"wp-block-separator is-style-wide\"\/>\n\n\n\n<p>Und f\u00fcr die dritte Unterseite <a href=\"https:\/\/clan2.netordner.de\/?page_id=204\" data-type=\"page\" data-id=\"204\">Inzidenzen<\/a>?<\/p>\n\n\n\n<hr class=\"wp-block-separator has-text-color has-background has-black-background-color has-black-color is-style-wide\"\/>\n\n\n\n<p><\/p>\n","protected":false},"excerpt":{"rendered":"<p>Jetzt gibt es schon drei Seiten, die mehr oder weniger mit Covid-19 zu tun haben.Daher diese Seite CORONA mit drei teasern und den Links auf die oben genannten Seiten als Unterseiten hierzu. Unterseiten ergeben ein \u00fcbersichtlicheres Hauptmen\u00fc. Wer formuliert den teaser hier, um zum Anklicken zu locken f\u00fcr Blackrock\/Corona ? Oder diese Einf\u00fchrung zu Shutdown?&hellip;&nbsp;<a href=\"https:\/\/clan2.netordner.de\/?page_id=167\" class=\"\" rel=\"bookmark\">Weiterlesen &raquo;<span class=\"screen-reader-text\">Corona<\/span><\/a><\/p>\n","protected":false},"author":1,"featured_media":0,"parent":0,"menu_order":0,"comment_status":"open","ping_status":"closed","template":"template-full-width.php","meta":{"neve_meta_sidebar":"","neve_meta_container":"","neve_meta_enable_content_width":"","neve_meta_content_width":0,"neve_meta_title_alignment":"","neve_meta_author_avatar":"","neve_post_elements_order":"","neve_meta_disable_header":"","neve_meta_disable_footer":"","neve_meta_disable_title":"","footnotes":""},"class_list":["post-167","page","type-page","status-publish","hentry"],"_links":{"self":[{"href":"https:\/\/clan2.netordner.de\/index.php?rest_route=\/wp\/v2\/pages\/167","targetHints":{"allow":["GET"]}}],"collection":[{"href":"https:\/\/clan2.netordner.de\/index.php?rest_route=\/wp\/v2\/pages"}],"about":[{"href":"https:\/\/clan2.netordner.de\/index.php?rest_route=\/wp\/v2\/types\/page"}],"author":[{"embeddable":true,"href":"https:\/\/clan2.netordner.de\/index.php?rest_route=\/wp\/v2\/users\/1"}],"replies":[{"embeddable":true,"href":"https:\/\/clan2.netordner.de\/index.php?rest_route=%2Fwp%2Fv2%2Fcomments&post=167"}],"version-history":[{"count":8,"href":"https:\/\/clan2.netordner.de\/index.php?rest_route=\/wp\/v2\/pages\/167\/revisions"}],"predecessor-version":[{"id":218,"href":"https:\/\/clan2.netordner.de\/index.php?rest_route=\/wp\/v2\/pages\/167\/revisions\/218"}],"wp:attachment":[{"href":"https:\/\/clan2.netordner.de\/index.php?rest_route=%2Fwp%2Fv2%2Fmedia&parent=167"}],"curies":[{"name":"wp","href":"https:\/\/api.w.org\/{rel}","templated":true}]}}