{"id":116,"date":"2021-01-31T09:14:20","date_gmt":"2021-01-31T08:14:20","guid":{"rendered":"http:\/\/clan2.netordner.de\/?page_id=116"},"modified":"2021-04-07T17:05:55","modified_gmt":"2021-04-07T15:05:55","slug":"admin-1","status":"publish","type":"page","link":"https:\/\/clan2.netordner.de\/?page_id=116","title":{"rendered":"admin 1 Anleitung"},"content":{"rendered":"\n<p>Auf dieser Seite:<br>Zum \u00c4ndern wird diese Seite hier ge\u00f6ffnet, ein Leerzeichen zugef\u00fcgt und nach dem Aktualisieren diese Arbeit mit dem Abmelden abgeschlossen. Einloggen geht mit<br>https:\/\/clan2.netordner.de\/wp-admin, Nutzername und Passwort.<\/p>\n\n\n\n<hr class=\"wp-block-separator has-text-color has-background has-black-background-color has-black-color is-style-wide\"\/>\n\n\n\n<p class=\"has-black-color has-text-color has-medium-font-size\">Das ist die klassische Arbeitsfl\u00e4che, die sich beim Einloggen dem admin \u00f6ffnet, das &#8222;Amaturenbrett&#8220;. Es gibt auch einen anderen Startbildschirm. (Dann bitte kommentieren: &#8222;Startbildschirm sieht anders aus).<br>Links mit Wei\u00df auf Schwarz das Hauptmen\u00fc. Davon interessiert &#8222;Seiten&#8220;.<\/p>\n\n\n\n<div class=\"wp-block-group alignwide\"><div class=\"wp-block-group__inner-container is-layout-flow wp-block-group-is-layout-flow\">\n<figure class=\"wp-block-image size-full is-resized is-style-default\"><img loading=\"lazy\" decoding=\"async\" src=\"https:\/\/clan2.netordner.de\/wp-content\/uploads\/start1.jpg\" alt=\"\" class=\"wp-image-126\" width=\"953\" height=\"1111\" srcset=\"https:\/\/clan2.netordner.de\/wp-content\/uploads\/start1.jpg 554w, https:\/\/clan2.netordner.de\/wp-content\/uploads\/start1-257x300.jpg 257w\" sizes=\"auto, (max-width: 953px) 100vw, 953px\" \/><\/figure>\n\n\n\n<p><\/p>\n<\/div><\/div>\n\n\n\n<p class=\"has-black-color has-text-color has-medium-font-size\">&#8222;admin 1 Anleitung&#8220; ist die zu editierende Seite. Mit <em>mouseover<\/em> \u00f6ffnet sich eine Viererauswahl. Davon ist &#8222;Anschauen&#8220; zum Rechtsklicken mit der Maus und \u00d6ffnen in einem neuen Tab. Dann l\u00e4sst sich leicht hin- und herschalten zwischen Arbeit und Ergebnis. F\u00fcr das Bearbeiten dann linksklicken auf Bearbeiten.<\/p>\n\n\n\n<figure class=\"wp-block-image size-full is-resized\"><img loading=\"lazy\" decoding=\"async\" src=\"https:\/\/clan2.netordner.de\/wp-content\/uploads\/start2.jpg\" alt=\"\" class=\"wp-image-122\" width=\"952\" height=\"1016\" srcset=\"https:\/\/clan2.netordner.de\/wp-content\/uploads\/start2.jpg 567w, https:\/\/clan2.netordner.de\/wp-content\/uploads\/start2-281x300.jpg 281w\" sizes=\"auto, (max-width: 952px) 100vw, 952px\" \/><\/figure>\n\n\n\n<p class=\"has-black-color has-text-color has-medium-font-size\">Das Bearbeiten von admin 1 anleitung&#8220; an dieser Stelle sei nur mal ein Wort im vorhandenen Text \u00e4ndern oder dergleichen. Nicht Neues, Bilder, Tabellen oder so dazupacken. Also ist das jetzt erledigt und die \u00c4nderungen werden gespeichert. Hierzu ganz rechts oben aktualisieren.<\/p>\n\n\n\n<figure class=\"wp-block-image size-full is-resized is-style-default\"><img loading=\"lazy\" decoding=\"async\" src=\"https:\/\/clan2.netordner.de\/wp-content\/uploads\/start3.jpg\" alt=\"\" class=\"wp-image-132\" width=\"479\" height=\"66\" srcset=\"https:\/\/clan2.netordner.de\/wp-content\/uploads\/start3.jpg 479w, https:\/\/clan2.netordner.de\/wp-content\/uploads\/start3-300x41.jpg 300w\" sizes=\"auto, (max-width: 479px) 100vw, 479px\" \/><\/figure>\n\n\n\n<p class=\"has-black-color has-text-color has-medium-font-size\">Nach dem Aktualisieren verblasst die Schaltfl\u00e4che. Die Arbeit kann beendet werden. Zur\u00fcck zum\/ins\/? dashboard geht es mit einem Klick ganz links oben auf das &#8222;W&#8220;.<\/p>\n\n\n\n<figure class=\"wp-block-image size-large is-style-default\"><img loading=\"lazy\" decoding=\"async\" width=\"337\" height=\"113\" src=\"https:\/\/clan2.netordner.de\/wp-content\/uploads\/start4.jpg\" alt=\"\" class=\"wp-image-137\" srcset=\"https:\/\/clan2.netordner.de\/wp-content\/uploads\/start4.jpg 337w, https:\/\/clan2.netordner.de\/wp-content\/uploads\/start4-300x101.jpg 300w\" sizes=\"auto, (max-width: 337px) 100vw, 337px\" \/><\/figure>\n\n\n\n<p class=\"has-black-color has-text-color has-medium-font-size\">Damit l\u00e4sst sich auch das Bearbeiten aufgeben, ohne etwas zu tun. WordPress warnt dann vorher mit der Frage &#8230;<\/p>\n\n\n\n<figure class=\"wp-block-image size-full is-style-default\"><img loading=\"lazy\" decoding=\"async\" width=\"876\" height=\"125\" src=\"https:\/\/clan2.netordner.de\/wp-content\/uploads\/start5.jpg\" alt=\"\" class=\"wp-image-138\" srcset=\"https:\/\/clan2.netordner.de\/wp-content\/uploads\/start5.jpg 876w, https:\/\/clan2.netordner.de\/wp-content\/uploads\/start5-300x43.jpg 300w, https:\/\/clan2.netordner.de\/wp-content\/uploads\/start5-768x110.jpg 768w\" sizes=\"auto, (max-width: 876px) 100vw, 876px\" \/><\/figure>\n\n\n\n<p class=\"has-black-color has-text-color has-medium-font-size\">&#8230; und man kann verlassen oder es lassen.<\/p>\n\n\n\n<p class=\"has-black-color has-text-color has-medium-font-size\">Zur\u00fcck zum oben erw\u00e4hnten &#8222;W&#8220;. Damit \u00f6ffnet sich das <em>dashboard<\/em> mit der M\u00f6glichkeit des Abschieds. Ganz rechts oben steht ein Willkommen mit dem Nutzernamen. Letzterer wird wie eine Schaltfl\u00e4che angeklickt und im Untermeine gibt es das Abmelden.<\/p>\n\n\n\n<p class=\"has-black-color has-text-color has-medium-font-size\">Geplante Fortsetzung: Ein vorhandenes Bild wird einer Seite zugef\u00fcgt.<br>Alternativ als Fortsetzung: Hilfe, ich will meinen Kommentar verbessern.<br>Oder: Ein rudiment\u00e4re Seite mit Text und Bild erstellen und im Men\u00fc platzieren.<\/p>\n","protected":false},"excerpt":{"rendered":"<p>Auf dieser Seite:Zum \u00c4ndern wird diese Seite hier ge\u00f6ffnet, ein Leerzeichen zugef\u00fcgt und nach dem Aktualisieren diese Arbeit mit dem Abmelden abgeschlossen. Einloggen geht mithttps:\/\/clan2.netordner.de\/wp-admin, Nutzername und Passwort. Das ist die klassische Arbeitsfl\u00e4che, die sich beim Einloggen dem admin \u00f6ffnet, das &#8222;Amaturenbrett&#8220;. Es gibt auch einen anderen Startbildschirm. (Dann bitte kommentieren: &#8222;Startbildschirm sieht anders aus).Links&hellip;&nbsp;<a href=\"https:\/\/clan2.netordner.de\/?page_id=116\" class=\"\" rel=\"bookmark\">Weiterlesen &raquo;<span class=\"screen-reader-text\">admin 1 Anleitung<\/span><\/a><\/p>\n","protected":false},"author":1,"featured_media":0,"parent":2,"menu_order":0,"comment_status":"open","ping_status":"closed","template":"","meta":{"neve_meta_sidebar":"","neve_meta_container":"","neve_meta_enable_content_width":"","neve_meta_content_width":0,"neve_meta_title_alignment":"","neve_meta_author_avatar":"","neve_post_elements_order":"","neve_meta_disable_header":"","neve_meta_disable_footer":"","neve_meta_disable_title":"","footnotes":""},"class_list":["post-116","page","type-page","status-publish","hentry"],"_links":{"self":[{"href":"https:\/\/clan2.netordner.de\/index.php?rest_route=\/wp\/v2\/pages\/116","targetHints":{"allow":["GET"]}}],"collection":[{"href":"https:\/\/clan2.netordner.de\/index.php?rest_route=\/wp\/v2\/pages"}],"about":[{"href":"https:\/\/clan2.netordner.de\/index.php?rest_route=\/wp\/v2\/types\/page"}],"author":[{"embeddable":true,"href":"https:\/\/clan2.netordner.de\/index.php?rest_route=\/wp\/v2\/users\/1"}],"replies":[{"embeddable":true,"href":"https:\/\/clan2.netordner.de\/index.php?rest_route=%2Fwp%2Fv2%2Fcomments&post=116"}],"version-history":[{"count":9,"href":"https:\/\/clan2.netordner.de\/index.php?rest_route=\/wp\/v2\/pages\/116\/revisions"}],"predecessor-version":[{"id":238,"href":"https:\/\/clan2.netordner.de\/index.php?rest_route=\/wp\/v2\/pages\/116\/revisions\/238"}],"up":[{"embeddable":true,"href":"https:\/\/clan2.netordner.de\/index.php?rest_route=\/wp\/v2\/pages\/2"}],"wp:attachment":[{"href":"https:\/\/clan2.netordner.de\/index.php?rest_route=%2Fwp%2Fv2%2Fmedia&parent=116"}],"curies":[{"name":"wp","href":"https:\/\/api.w.org\/{rel}","templated":true}]}}